{"id":225,"date":"2021-10-28T09:06:48","date_gmt":"2021-10-28T09:06:48","guid":{"rendered":"http:\/\/www.visitaskoe.dk\/?page_id=225"},"modified":"2026-04-29T20:45:34","modified_gmt":"2026-04-29T18:45:34","slug":"askoe-lilleoe-beboerforening","status":"publish","type":"page","link":"https:\/\/www.visitaskoe.dk\/?page_id=225","title":{"rendered":"Ask\u00f8\/Lille\u00f8 Beboerforening (ALB)"},"content":{"rendered":"\n<div class=\"wp-block-columns is-layout-flex wp-container-core-columns-is-layout-9d6595d7 wp-block-columns-is-layout-flex\">\n<div class=\"wp-block-column is-layout-flow wp-block-column-is-layout-flow\" style=\"flex-basis:33.33%\"><div class=\"wp-block-image\">\n<figure class=\"aligncenter size-full is-resized\"><a href=\"https:\/\/bookenshelter.dk\/naturlandet\/shelterplads\/askoe\/\" target=\"_blank\" rel=\"noopener\"><img data-recalc-dims=\"1\" loading=\"lazy\" decoding=\"async\" width=\"593\" height=\"395\" src=\"https:\/\/i0.wp.com\/www.visitaskoe.dk\/wp-content\/uploads\/2021\/10\/Shelter1.jpg?resize=593%2C395\" alt=\"\" class=\"wp-image-480\" style=\"width:207px;height:138px\" srcset=\"https:\/\/i0.wp.com\/www.visitaskoe.dk\/wp-content\/uploads\/2021\/10\/Shelter1.jpg?w=593&amp;ssl=1 593w, https:\/\/i0.wp.com\/www.visitaskoe.dk\/wp-content\/uploads\/2021\/10\/Shelter1.jpg?resize=300%2C200&amp;ssl=1 300w, https:\/\/i0.wp.com\/www.visitaskoe.dk\/wp-content\/uploads\/2021\/10\/Shelter1.jpg?resize=342%2C228&amp;ssl=1 342w\" sizes=\"auto, (max-width: 593px) 100vw, 593px\" \/><\/a><\/figure>\n<\/div>\n\n<div class=\"wp-block-image\">\n<figure class=\"aligncenter size-large is-resized\"><a href=\"https:\/\/danske-smaaoer.dk\/de-27-oeer\/askoe\/\" target=\"_blank\" rel=\"noopener\"><img data-recalc-dims=\"1\" loading=\"lazy\" decoding=\"async\" width=\"685\" height=\"685\" src=\"https:\/\/i0.wp.com\/www.visitaskoe.dk\/wp-content\/uploads\/2021\/10\/Logo_stor-1024x1024.png?resize=685%2C685\" alt=\"\" class=\"wp-image-350\" style=\"width:161px;height:161px\" srcset=\"https:\/\/i0.wp.com\/www.visitaskoe.dk\/wp-content\/uploads\/2021\/10\/Logo_stor.png?resize=1024%2C1024&amp;ssl=1 1024w, https:\/\/i0.wp.com\/www.visitaskoe.dk\/wp-content\/uploads\/2021\/10\/Logo_stor.png?resize=300%2C300&amp;ssl=1 300w, https:\/\/i0.wp.com\/www.visitaskoe.dk\/wp-content\/uploads\/2021\/10\/Logo_stor.png?resize=150%2C150&amp;ssl=1 150w, https:\/\/i0.wp.com\/www.visitaskoe.dk\/wp-content\/uploads\/2021\/10\/Logo_stor.png?resize=768%2C768&amp;ssl=1 768w, https:\/\/i0.wp.com\/www.visitaskoe.dk\/wp-content\/uploads\/2021\/10\/Logo_stor.png?resize=685%2C685&amp;ssl=1 685w, https:\/\/i0.wp.com\/www.visitaskoe.dk\/wp-content\/uploads\/2021\/10\/Logo_stor.png?resize=100%2C100&amp;ssl=1 100w, https:\/\/i0.wp.com\/www.visitaskoe.dk\/wp-content\/uploads\/2021\/10\/Logo_stor.png?w=1400&amp;ssl=1 1400w\" sizes=\"auto, (max-width: 685px) 100vw, 685px\" \/><\/a><\/figure>\n<\/div><\/div>\n\n\n\n<div class=\"wp-block-column is-layout-flow wp-block-column-is-layout-flow\" style=\"flex-basis:66.66%\">\n<div class=\"wp-block-columns is-layout-flex wp-container-core-columns-is-layout-9d6595d7 wp-block-columns-is-layout-flex\">\n<div class=\"wp-block-column is-layout-flow wp-block-column-is-layout-flow\">\n<div class=\"wp-block-buttons is-layout-flex wp-block-buttons-is-layout-flex\">\n<div class=\"wp-block-button is-style-fill\"><a class=\"wp-block-button__link has-custom-font-size wp-element-button\" href=\"#bestyrelse\" style=\"font-size:15px\">Bestyrelse<\/a><\/div>\n<\/div>\n<\/div>\n\n\n\n<div class=\"wp-block-column is-layout-flow wp-block-column-is-layout-flow\">\n<div class=\"wp-block-buttons is-layout-flex wp-block-buttons-is-layout-flex\">\n<div class=\"wp-block-button is-style-fill\"><a class=\"wp-block-button__link has-custom-font-size wp-element-button\" href=\"#vedt\u00e6gter\" style=\"font-size:15px\">Vedt\u00e6gter<\/a><\/div>\n<\/div>\n<\/div>\n\n\n\n<div class=\"wp-block-column is-layout-flow wp-block-column-is-layout-flow\">\n<div class=\"wp-block-buttons is-layout-flex wp-block-buttons-is-layout-flex\">\n<div class=\"wp-block-button is-style-fill\"><a class=\"wp-block-button__link has-custom-font-size wp-element-button\" href=\"#referater\" style=\"font-size:15px\">Referater<\/a><\/div>\n<\/div>\n<\/div>\n<\/div>\n\n\n\n<p style=\"font-size:15px\">Dette er DIN forening, hvor du kan v\u00e6re med til at fremme udviklingen og f\u00e6llesskabet p\u00e5 Ask\u00f8\/Lille\u00f8. ALB er den \u00e6ldste forening p\u00e5 \u00f8erne (bortset fra menighedsr\u00e5det), og den har gennem tiderne sat et v\u00e6sentligt aftryk p\u00e5 udviklingen.<\/p>\n\n\n\n<p style=\"font-size:15px\"><\/p>\n\n\n\n<p style=\"font-size:15px\">Foreningens form\u00e5l er gennem f\u00e6lles kulturelle aktiviteter, f\u00e6lles ture og andre arrangementer at fremme f\u00e6llesskab for \u00f8-boerne. Beboerforeningen bruger ogs\u00e5 frivillig tid p\u00e5 udlejning af shelters, cykler og beboerhuset. Beboerforeningen har endvidere kontakten til Lolland kommune Kultur og Fritid, Park- og Vej samt \u00c6ldre- og Sundhed.<\/p>\n\n\n\n<p style=\"font-size:15px\">Som fuldgyldige medlemmer kan optages personer med folkeregister-adresse p\u00e5 Ask\u00f8-Lille\u00f8, og fritidshusejere der ved ejerskabet har tilknytning til \u00f8erne. ALB er forankret p\u00e5 Ask\u00f8\/Lille\u00f8 ved at det tilstr\u00e6bes at enten formand og\/eller kasserer skal v\u00e6re fastboende, lige som et flertal i bestyrelsen &#8211; og endelig har \u00d8-kontaktudvalget fast s\u00e6de i bestyrelsen. <\/p>\n\n\n\n<div class=\"wp-block-columns is-layout-flex wp-container-core-columns-is-layout-9d6595d7 wp-block-columns-is-layout-flex\">\n<div class=\"wp-block-column is-layout-flow wp-block-column-is-layout-flow\" style=\"flex-basis:66.66%\">\n<p class=\"has-background\" style=\"background-color:#fce002;font-size:15px\"><strong>Medlemskab<\/strong>:<br>Kontingent er u\u00e6ndret kr. 175\/person, og heraf g\u00e5r kr. 50 til Sammenslutningen af Danske Sm\u00e5\u00f8er. <br>Bel\u00f8bet kan indbetales p\u00e5:<br>&#8211; MobilePay: <strong>872921<\/strong>, eller<br>&#8211; <strong>Regnr<\/strong>:&nbsp;0682&nbsp;<strong>Kontonr<\/strong>:&nbsp;0003121615. <br>Husk at angive hvem du er. <\/p>\n<\/div>\n\n\n\n<div class=\"wp-block-column is-layout-flow wp-block-column-is-layout-flow\" style=\"flex-basis:33.33%\">\n<figure class=\"wp-block-image size-full is-style-default\"><img data-recalc-dims=\"1\" loading=\"lazy\" decoding=\"async\" width=\"685\" height=\"685\" src=\"https:\/\/i0.wp.com\/www.visitaskoe.dk\/wp-content\/uploads\/2022\/04\/Kontongent.png?resize=685%2C685&#038;ssl=1\" alt=\"\" class=\"wp-image-1254\" srcset=\"https:\/\/i0.wp.com\/www.visitaskoe.dk\/wp-content\/uploads\/2022\/04\/Kontongent.png?w=686&amp;ssl=1 686w, https:\/\/i0.wp.com\/www.visitaskoe.dk\/wp-content\/uploads\/2022\/04\/Kontongent.png?resize=300%2C300&amp;ssl=1 300w, https:\/\/i0.wp.com\/www.visitaskoe.dk\/wp-content\/uploads\/2022\/04\/Kontongent.png?resize=150%2C150&amp;ssl=1 150w, https:\/\/i0.wp.com\/www.visitaskoe.dk\/wp-content\/uploads\/2022\/04\/Kontongent.png?resize=100%2C100&amp;ssl=1 100w\" sizes=\"auto, (max-width: 685px) 100vw, 685px\" \/><\/figure>\n<\/div>\n<\/div>\n\n\n\n<p style=\"font-size:15px\">ALB har en aftale med Lolland Kommune om brugen af beboerhuset (den gamle skole) som kommunen ejer og vedligeholder udvendigt. ALB har s\u00f8gt fondsmidler og l\u00f8bende f\u00e5et bevillinger til indvendig vedligehold, opgradering af k\u00f8kken samt AV-udstyr. Foreningen har endvidere s\u00f8gt og f\u00e5et midler til anl\u00e6g af en petanque bane.<\/p>\n\n\n\n<p style=\"font-size:15px\">Sammen med &#8220;Naturlandet Lolland-Falster&#8221; har ALB f\u00e5et opsat 2 shelters, som bookes gennem &#8220;Naturlandet Lolland-Falster&#8221;, og hvor st\u00f8rstedelen af prisen for leje g\u00e5r tilbage til ALB til vedligehold m.m.<\/p>\n\n\n\n<p style=\"font-size:15px\">ALB st\u00e5r endvidere for udlejning af cyklerne ved havnen, samt for udlejning af v\u00e6relse i Beboerhuset. <br><br>Regler og reglement se: <\/p>\n\n\n\n<p style=\"font-size:15px\"><\/p>\n\n\n\n<div class=\"wp-block-file\"><a id=\"wp-block-file--media-8b2a6572-07b5-42b7-add1-e8084fd5af30\" href=\"https:\/\/www.visitaskoe.dk\/wp-content\/uploads\/2026\/04\/Regler-for-udlejning-af-Askoe-Skole-2026.docx\" target=\"_blank\" rel=\"noreferrer noopener\">Regler for udlejning af Ask\u00f8 Skole 2026<\/a><a href=\"https:\/\/www.visitaskoe.dk\/wp-content\/uploads\/2026\/04\/Regler-for-udlejning-af-Askoe-Skole-2026.docx\" class=\"wp-block-file__button wp-element-button\" download aria-describedby=\"wp-block-file--media-8b2a6572-07b5-42b7-add1-e8084fd5af30\">Download<\/a><\/div>\n\n\n\n<p style=\"font-size:15px\">ALB var i sin tid med til at etablere &#8220;Sammenslutningen af Danske Sm\u00e5\u00f8er&#8221;, en kraftfuld organisation med stor p\u00e5virkning af de \u00d8-politiske beslutninger bla. i Folketinget. ALB har et s\u00e6de i &#8220;Sm\u00e5\u00f8ernes&#8221; repr\u00e6sentantskab. Som medlem af ALB er du ogs\u00e5 medlem af &#8220;Danske sm\u00e5\u00f8er&#8221; og derved med til at Danske Sm\u00e5\u00f8er f\u00e5r en tungere landspolitisk stemme i folketingets udvalg til gavn for f\u00e6llesskabet og udvikling b\u00e5de p\u00e5 Ask\u00f8\/Lille\u00f8 men ogs\u00e5 p\u00e5 alle de 27 sm\u00e5\u00f8er. <\/p>\n\n\n\n<h5 class=\"wp-block-heading\" id=\"bestyrelse\"><strong>Bestyrelse<\/strong>&nbsp;<\/h5>\n\n\n\n<p>Bestyrelse &#8211; valgt p\u00e5 generalforsamling den 2. april 2026<br>Formand Jeanette Lejb\u00f8lle 2 \u00e5r\/2028<br>Kasserer Ulla S\u00f8rensen 2027<br>Medlem Torben Madsen 2027<br>Medlem Lars Madsen 2 \u00e5r\/2028 og \u00d8kontaktr\u00e5dsmedlem<br>Medlem Ejlif 1 \u00e5r\/2027<br>Medlem Bo Cervin 2 \u00e5r\/2028<br>\u00d8kontaktr\u00e5dsmedlem Marianne Pilh\u00f8j Thomsen<br>Suppleant Janet Jensen 2027<br>Suppleant Dorte Vejlebo 2 \u00e5r\/2028<\/p>\n\n\n\n<p><\/p>\n\n\n\n<ul style=\"font-size:15px\" class=\"wp-block-list\">\n<li>Revisor J\u00f8rgen Gosmer 2 \u00e5r\/2028<\/li>\n\n\n\n<li>Revisor Kurt Lejb\u00f8lle 2027<\/li>\n<\/ul>\n\n\n\n<h5 class=\"wp-block-heading\" id=\"vedt\u00e6gter\"><strong>Foreningens vedt\u00e6gter<\/strong> <\/h5>\n\n\n\n<p style=\"font-size:15px\">Vedtaget den 7\/8 2021: <\/p>\n\n\n<a href=\"https:\/\/www.visitaskoe.dk\/wp-content\/uploads\/2021\/11\/2021-Vedtaegter-Askoe-Lilleoe-Beboerforening-2021.pdf\" class=\"pdfemb-viewer\" style=\"\" data-width=\"max\" data-height=\"max\" data-toolbar=\"bottom\" data-toolbar-fixed=\"off\">2021-Vedtaegter-Askoe-Lilleoe-Beboerforening-2021<\/a>\n\n\n<div class=\"wp-block-file\"><a id=\"wp-block-file--media-efcf3dce-3951-4355-8227-88f7344e5c75\" href=\"https:\/\/www.visitaskoe.dk\/wp-content\/uploads\/2021\/11\/2021-Vedtaegter-Askoe-Lilleoe-Beboerforening-2021.pdf\">Vedt\u00e6gter Ask\u00f8-Lille\u00f8 Beboerforening 2021<\/a><a href=\"https:\/\/www.visitaskoe.dk\/wp-content\/uploads\/2021\/11\/2021-Vedtaegter-Askoe-Lilleoe-Beboerforening-2021.pdf\" class=\"wp-block-file__button wp-element-button\" download aria-describedby=\"wp-block-file--media-efcf3dce-3951-4355-8227-88f7344e5c75\">Download<\/a><\/div>\n\n\n\n<p style=\"font-size:15px\"><\/p>\n\n\n\n<h5 class=\"wp-block-heading\" id=\"referater\"><strong>Referat fra generalforsamlinger:<\/strong><\/h5>\n\n\n\n<div class=\"wp-block-group is-vertical is-layout-flex wp-container-core-group-is-layout-8cf370e7 wp-block-group-is-layout-flex\">\n<div class=\"wp-block-file\"><a id=\"wp-block-file--media-fd2df16a-976e-4901-9b2c-dc63976ab2d0\" href=\"http:\/\/www.visitaskoe.dk\/wp-content\/uploads\/2021\/10\/2016-Generalforsamling-1.pdf\">2016 Generalforsamling referat<\/a><\/div>\n\n\n\n<div class=\"wp-block-file\"><a id=\"wp-block-file--media-c4b9cce6-ef99-4dc9-997f-9aca432a41c3\" href=\"http:\/\/www.visitaskoe.dk\/wp-content\/uploads\/2021\/10\/2017-Beboerforeningens-generalforsamling-1.pdf\">2017 Generalforsamling referat<\/a><\/div>\n\n\n\n<div class=\"wp-block-file\"><a id=\"wp-block-file--media-0cc46a68-69af-45d6-a6a2-be1e8ca8762a\" href=\"http:\/\/www.visitaskoe.dk\/wp-content\/uploads\/2021\/10\/2018-Generalforsamling-1.pdf\">2018 Generalforsamling referat<\/a><\/div>\n\n\n\n<div class=\"wp-block-file\"><a id=\"wp-block-file--media-e536dde6-ad82-406f-b509-1f10eab2ed2a\" href=\"http:\/\/www.visitaskoe.dk\/wp-content\/uploads\/2021\/10\/2019-Generalforsamling-1.pdf\">2019 Generalforsamling referat<\/a><\/div>\n\n\n\n<div class=\"wp-block-file\"><a id=\"wp-block-file--media-88d14365-bc89-4dbf-abf5-aee87a66a83c\" href=\"http:\/\/www.visitaskoe.dk\/wp-content\/uploads\/2021\/10\/2020-Generalforsamling-1.pdf\">2020 Generalforsamling referat<\/a><\/div>\n\n\n\n<div class=\"wp-block-file\"><a id=\"wp-block-file--media-78aca892-5cd3-445d-a105-4bf3babcb470\" href=\"http:\/\/www.visitaskoe.dk\/wp-content\/uploads\/2021\/10\/2021-Generalforsamling-referat-1.pdf\">2021 Generalforsamling referat<\/a><\/div>\n\n\n\n<div class=\"wp-block-file\"><a id=\"wp-block-file--media-5df5a28f-2ee1-4dc3-ad13-14fc6248a0a9\" href=\"https:\/\/www.visitaskoe.dk\/wp-content\/uploads\/2022\/04\/2022-Generalforsamling-referat.pdf\">2022 Generalforsamling referat<\/a><\/div>\n\n\n\n<div class=\"wp-block-file\"><a id=\"wp-block-file--media-120f0158-b2e6-4c23-8b37-627ed3c78257\" href=\"https:\/\/www.visitaskoe.dk\/wp-content\/uploads\/2022\/04\/2022-Beretning.pdf\">2022 Beretning<\/a><\/div>\n\n\n\n<div class=\"wp-block-file\"><a id=\"wp-block-file--media-6c943dae-4b6a-4e25-9f82-c52246b89bed\" href=\"https:\/\/www.visitaskoe.dk\/wp-content\/uploads\/2023\/04\/2023-Referat-generalforsamling-2023.pdf\" target=\"_blank\" rel=\"noreferrer noopener\">2023 Generalforsamling referat<\/a><\/div>\n\n\n\n<div class=\"wp-block-file\"><a id=\"wp-block-file--media-2dcdc3a9-eeab-4c23-8246-54f78b4e284b\" href=\"https:\/\/www.visitaskoe.dk\/wp-content\/uploads\/2023\/04\/2023-Formandens-beretning-2023.pdf\" target=\"_blank\" rel=\"noreferrer noopener\">2023 Beretning<\/a><\/div>\n\n\n\n<div class=\"wp-block-file alignleft\"><a id=\"wp-block-file--media-9e07ab71-1d2f-4683-9c9b-2645f4dd0ce0\" href=\"https:\/\/www.visitaskoe.dk\/wp-content\/uploads\/2024\/04\/Referat-underskrevet-GF-2024-1.pdf\">2024 Generalforsamling referat<br><\/a><\/div>\n\n\n\n<div class=\"wp-block-file\"><a id=\"wp-block-file--media-21f25437-fc82-431d-99d2-8d298d0e2614\" href=\"https:\/\/www.visitaskoe.dk\/wp-content\/uploads\/2025\/05\/Referat-af-Beboerforeningens-generalforsamling-250417-1.pdf\">2025 Generalforsamling Referat<\/a><\/div>\n\n\n\n<div class=\"wp-block-file\"><a id=\"wp-block-file--media-c51fe65a-f889-4f16-9c78-09b7c2ec7350\" href=\"https:\/\/www.visitaskoe.dk\/wp-content\/uploads\/2026\/04\/Referat-Beboerforening-020426.pdf\">Referat Beboerforening 020426<\/a><\/div>\n\n\n\n<div class=\"wp-block-file\"><a id=\"wp-block-file--media-43fe9d19-9d36-4784-80dc-4e89e3af84ff\" href=\"https:\/\/www.visitaskoe.dk\/wp-content\/uploads\/2026\/04\/Aarsberetning-2025-2026-endelig-til-oplaesning-2.pdf\">\u00c5rsberetning 2025-2026 endelig til opl\u00e6sning<\/a><\/div>\n\n\n\n<div class=\"wp-block-file\"><a id=\"wp-block-file--media-6edc7ca3-9e2e-41f3-9b59-fa7b2ebed28d\" href=\"https:\/\/www.visitaskoe.dk\/wp-content\/uploads\/2026\/04\/Underskrevet-regnskab-2025.pdf\">Underskrevet regnskab 2025<\/a><\/div>\n<\/div>\n\n\n\n<div class=\"wp-block-columns is-layout-flex wp-container-core-columns-is-layout-9d6595d7 wp-block-columns-is-layout-flex\">\n<div class=\"wp-block-column is-layout-flow wp-block-column-is-layout-flow\"><\/div>\n\n\n\n<div class=\"wp-block-column is-layout-flow wp-block-column-is-layout-flow\"><\/div>\n<\/div>\n<\/div>\n<\/div>\n\n\n\n<p><\/p>\n","protected":false},"excerpt":{"rendered":"<p>Dette er DIN forening, hvor du kan v\u00e6re med til at fremme udviklingen og f\u00e6llesskabet p\u00e5 Ask\u00f8\/Lille\u00f8. ALB er den \u00e6ldste forening p\u00e5 \u00f8erne (bortset fra menighedsr\u00e5det), og den har &hellip; <a href=\"https:\/\/www.visitaskoe.dk\/?page_id=225\" class=\"more-link\">Continue reading <span class=\"screen-reader-text\">Ask\u00f8\/Lille\u00f8 Beboerforening (ALB)<\/span><\/a><\/p>\n","protected":false},"author":2,"featured_media":0,"parent":0,"menu_order":0,"comment_status":"closed","ping_status":"closed","template":"templates\/full-width-page.php","meta":{"_lmt_disableupdate":"no","_lmt_disable":"","footnotes":""},"class_list":["post-225","page","type-page","status-publish","hentry"],"aioseo_notices":[],"jetpack_likes_enabled":true,"jetpack_sharing_enabled":true,"_links":{"self":[{"href":"https:\/\/www.visitaskoe.dk\/index.php?rest_route=\/wp\/v2\/pages\/225","targetHints":{"allow":["GET"]}}],"collection":[{"href":"https:\/\/www.visitaskoe.dk\/index.php?rest_route=\/wp\/v2\/pages"}],"about":[{"href":"https:\/\/www.visitaskoe.dk\/index.php?rest_route=\/wp\/v2\/types\/page"}],"author":[{"embeddable":true,"href":"https:\/\/www.visitaskoe.dk\/index.php?rest_route=\/wp\/v2\/users\/2"}],"replies":[{"embeddable":true,"href":"https:\/\/www.visitaskoe.dk\/index.php?rest_route=%2Fwp%2Fv2%2Fcomments&post=225"}],"version-history":[{"count":38,"href":"https:\/\/www.visitaskoe.dk\/index.php?rest_route=\/wp\/v2\/pages\/225\/revisions"}],"predecessor-version":[{"id":1996,"href":"https:\/\/www.visitaskoe.dk\/index.php?rest_route=\/wp\/v2\/pages\/225\/revisions\/1996"}],"wp:attachment":[{"href":"https:\/\/www.visitaskoe.dk\/index.php?rest_route=%2Fwp%2Fv2%2Fmedia&parent=225"}],"curies":[{"name":"wp","href":"https:\/\/api.w.org\/{rel}","templated":true}]}}