{"id":232,"date":"2021-10-28T09:11:08","date_gmt":"2021-10-28T09:11:08","guid":{"rendered":"http:\/\/www.visitaskoe.dk\/?page_id=232"},"modified":"2021-10-28T16:12:54","modified_gmt":"2021-10-28T16:12:54","slug":"turist-2","status":"publish","type":"page","link":"https:\/\/www.visitaskoe.dk\/?page_id=232","title":{"rendered":"Hvordan kommer man &#8230;"},"content":{"rendered":"\n<div class=\"wp-block-columns is-layout-flex wp-container-core-columns-is-layout-9d6595d7 wp-block-columns-is-layout-flex\">\n<div class=\"wp-block-column is-layout-flow wp-block-column-is-layout-flow\">\n<div class=\"wp-block-columns is-layout-flex wp-container-core-columns-is-layout-9d6595d7 wp-block-columns-is-layout-flex\">\n<div class=\"wp-block-column is-layout-flow wp-block-column-is-layout-flow\" style=\"flex-basis:33.33%\">\n<h5 class=\"wp-block-heading\">Hvordan kommer man til Ask\u00f8?<\/h5>\n\n\n\n<figure class=\"wp-block-image size-full\"><img data-recalc-dims=\"1\" loading=\"lazy\" decoding=\"async\" width=\"240\" height=\"236\" src=\"https:\/\/i0.wp.com\/www.visitaskoe.dk\/wp-content\/uploads\/2021\/10\/Hvordan-kommer.jpg?resize=240%2C236\" alt=\"\" class=\"wp-image-319\"\/><\/figure>\n<\/div>\n\n\n\n<div class=\"wp-block-column is-layout-flow wp-block-column-is-layout-flow\" style=\"flex-basis:66.66%\">\n<div class=\"wp-block-columns is-layout-flex wp-container-core-columns-is-layout-9d6595d7 wp-block-columns-is-layout-flex\">\n<div class=\"wp-block-column is-layout-flow wp-block-column-is-layout-flow\">\n<p style=\"font-size:15px\"><strong>I bil til f\u00e6rgen i Bandholm:<\/strong>&nbsp;<\/p>\n\n\n\n<p style=\"font-size:15px\">P\u00e5 Sydmotorvejen drejes fra p\u00e5 frak\u00f8rsel 48 Maribo, hvorfra der er skiltet mod Nakskov (ad Vestre Landevej) og Bandholm (til h\u00f8jre ad Skibevej).&nbsp;Der kan parkeres p\u00e5 Bandholm havn hvis man ikke vil ha\u2019 bilen med til Ask\u00f8\/Lille\u00f8.&nbsp;<\/p>\n\n\n\n<p style=\"font-size:15px\"><strong>Med Museumsbanen til f\u00e6rgen i Bandholm:<\/strong>&nbsp;<\/p>\n\n\n\n<p style=\"font-size:15px\">I sommerhalv\u00e5ret er der forbindelse fra Maribo til Bandholm med Museumsbanen.&nbsp;K\u00f8replan kan findes p\u00e5 Museumsbanens hjemmeside. (<a rel=\"noreferrer noopener\" href=\"http:\/\/www.museumsbanen.dk\/\" target=\"_blank\">LINK<\/a>)&nbsp;&nbsp;<\/p>\n\n\n\n<p style=\"font-size:15px\"><strong>Med f\u00e6rgen fra Bandholm til Ask\u00f8 Havn<\/strong><\/p>\n\n\n\n<p style=\"font-size:15px\">F\u00e6rgen sejler 8-10 dobbeltture dagligt, og man kan reservere plads p\u00e5 f\u00e6rgens hjemmeside <a href=\"https:\/\/lolland-ferry.teambooking.dk\/new-booking?lang=da-DK\">Booking | Lolland F\u00e6rgefart (teambooking.dk)<\/a><\/p>\n\n\n\n<p style=\"font-size:15px\"><strong>I b\u00e5d til Ask\u00f8 Havn:<\/strong>&nbsp;<\/p>\n\n\n\n<p style=\"font-size:15px\">Velkommen til Ask\u00f8 Havn. ( 54`53`,`1N-11`29,OE). Der er mellem 1,5 m til 2,5 m dybt i havnen.<\/p>\n\n\n\n<p style=\"font-size:15px\">Telefon til havnefoged: 5164 7968<\/p>\n\n\n\n<p style=\"font-size:15px\"><a href=\"https:\/\/www.havneguide.dk\/havn\/askoe-havn\" target=\"_blank\" rel=\"noreferrer noopener\">https:\/\/www.havneguide.dk\/havn\/askoe-havn<\/a><\/p>\n<\/div>\n<\/div>\n<\/div>\n<\/div>\n<\/div>\n<\/div>\n\n\n\n<p><\/p>\n","protected":false},"excerpt":{"rendered":"<p>Hvordan kommer man til Ask\u00f8? I bil til f\u00e6rgen i Bandholm:&nbsp; P\u00e5 Sydmotorvejen drejes fra p\u00e5 frak\u00f8rsel 48 Maribo, hvorfra der er skiltet mod Nakskov (ad Vestre Landevej) og Bandholm &hellip; <a href=\"https:\/\/www.visitaskoe.dk\/?page_id=232\" class=\"more-link\">Continue reading <span class=\"screen-reader-text\">Hvordan kommer man &#8230;<\/span><\/a><\/p>\n","protected":false},"author":2,"featured_media":0,"parent":0,"menu_order":0,"comment_status":"closed","ping_status":"closed","template":"templates\/full-width-page.php","meta":{"_lmt_disableupdate":"no","_lmt_disable":"","footnotes":""},"class_list":["post-232","page","type-page","status-publish","hentry"],"aioseo_notices":[],"jetpack_likes_enabled":true,"jetpack_sharing_enabled":true,"_links":{"self":[{"href":"https:\/\/www.visitaskoe.dk\/index.php?rest_route=\/wp\/v2\/pages\/232","targetHints":{"allow":["GET"]}}],"collection":[{"href":"https:\/\/www.visitaskoe.dk\/index.php?rest_route=\/wp\/v2\/pages"}],"about":[{"href":"https:\/\/www.visitaskoe.dk\/index.php?rest_route=\/wp\/v2\/types\/page"}],"author":[{"embeddable":true,"href":"https:\/\/www.visitaskoe.dk\/index.php?rest_route=\/wp\/v2\/users\/2"}],"replies":[{"embeddable":true,"href":"https:\/\/www.visitaskoe.dk\/index.php?rest_route=%2Fwp%2Fv2%2Fcomments&post=232"}],"version-history":[{"count":0,"href":"https:\/\/www.visitaskoe.dk\/index.php?rest_route=\/wp\/v2\/pages\/232\/revisions"}],"wp:attachment":[{"href":"https:\/\/www.visitaskoe.dk\/index.php?rest_route=%2Fwp%2Fv2%2Fmedia&parent=232"}],"curies":[{"name":"wp","href":"https:\/\/api.w.org\/{rel}","templated":true}]}}