{"id":236,"date":"2021-10-28T09:12:14","date_gmt":"2021-10-28T09:12:14","guid":{"rendered":"http:\/\/www.visitaskoe.dk\/?page_id=236"},"modified":"2026-04-29T21:06:11","modified_gmt":"2026-04-29T19:06:11","slug":"nyheder-news","status":"publish","type":"page","link":"https:\/\/www.visitaskoe.dk\/?page_id=236","title":{"rendered":"NYHEDER\/NEWS"},"content":{"rendered":"\n<div class=\"wp-block-columns is-layout-flex wp-container-core-columns-is-layout-9d6595d7 wp-block-columns-is-layout-flex\">\n<div class=\"wp-block-column is-layout-flow wp-block-column-is-layout-flow\">\n<div class=\"wp-block-columns is-layout-flex wp-container-core-columns-is-layout-9d6595d7 wp-block-columns-is-layout-flex\">\n<div class=\"wp-block-column is-layout-flow wp-block-column-is-layout-flow\"><\/div>\n\n\n\n<div class=\"wp-block-column is-layout-flow wp-block-column-is-layout-flow\"><\/div>\n\n\n\n<div class=\"wp-block-column is-layout-flow wp-block-column-is-layout-flow\"><\/div>\n\n\n\n<div class=\"wp-block-column is-layout-flow wp-block-column-is-layout-flow\"><\/div>\n\n\n\n<div class=\"wp-block-column is-layout-flow wp-block-column-is-layout-flow\"><\/div>\n<\/div>\n<\/div>\n<\/div>\n\n\n\n<div class=\"wp-block-columns is-layout-flex wp-container-core-columns-is-layout-9d6595d7 wp-block-columns-is-layout-flex\">\n<div class=\"wp-block-column is-layout-flow wp-block-column-is-layout-flow\">\n<div class=\"wp-block-buttons is-layout-flex wp-block-buttons-is-layout-flex\">\n<div class=\"wp-block-button has-custom-width wp-block-button__width-100 is-style-fill\"><a class=\"wp-block-button__link has-custom-font-size wp-element-button\" href=\"#events\" style=\"font-size:15px\">Events<\/a><\/div>\n<\/div>\n<\/div>\n\n\n\n<div class=\"wp-block-column is-layout-flow wp-block-column-is-layout-flow\">\n<div class=\"wp-block-buttons is-layout-flex wp-block-buttons-is-layout-flex\">\n<div class=\"wp-block-button has-custom-width wp-block-button__width-100 is-style-fill\"><a class=\"wp-block-button__link has-custom-font-size wp-element-button\" href=\"#facebook\" style=\"font-size:15px\">Facebook<\/a><\/div>\n<\/div>\n<\/div>\n\n\n\n<div class=\"wp-block-column is-layout-flow wp-block-column-is-layout-flow\">\n<div class=\"wp-block-buttons is-layout-flex wp-block-buttons-is-layout-flex\">\n<div class=\"wp-block-button has-custom-width wp-block-button__width-100 is-style-fill\"><a class=\"wp-block-button__link has-custom-font-size wp-element-button\" href=\"#nyhedsbreve\" style=\"font-size:15px\">Nyhedsbreve<\/a><\/div>\n<\/div>\n<\/div>\n\n\n\n<div class=\"wp-block-column is-layout-flow wp-block-column-is-layout-flow\">\n<div class=\"wp-block-buttons is-layout-flex wp-block-buttons-is-layout-flex\">\n<div class=\"wp-block-button has-custom-width wp-block-button__width-100 is-style-fill\"><a class=\"wp-block-button__link has-custom-font-size wp-element-button\" href=\"#sm\u00e5\u00f8er\" style=\"font-size:15px\">Danske sm\u00e5\u00f8er<\/a><\/div>\n<\/div>\n<\/div>\n\n\n\n<div class=\"wp-block-column is-layout-flow wp-block-column-is-layout-flow\">\n<div class=\"wp-block-buttons is-layout-flex wp-block-buttons-is-layout-flex\">\n<div class=\"wp-block-button has-custom-width wp-block-button__width-100 is-style-fill\"><a class=\"wp-block-button__link has-custom-font-size wp-element-button\" href=\"https:\/\/www.visitaskoe.dk\/?p=1877\" style=\"font-size:15px\">\u00c6ble\u00f8erne<\/a><\/div>\n<\/div>\n<\/div>\n<\/div>\n\n\n\n<div class=\"wp-block-buttons is-content-justification-center is-layout-flex wp-container-core-buttons-is-layout-16018d1d wp-block-buttons-is-layout-flex\">\n<div class=\"wp-block-button is-style-fill\"><a class=\"wp-block-button__link has-custom-font-size wp-element-button\" href=\"https:\/\/www.visitaskoe.dk\/?page_id=782\" style=\"font-size:15px\" target=\"_blank\" rel=\"noreferrer noopener\"><strong>HUSK du kan tilmelde dig nyhedsbrev fra Ask\u00f8-Lille\u00f8 Beboerforening<\/strong><\/a><\/div>\n<\/div>\n\n\n\n<h4 class=\"wp-block-heading\" id=\"events\">Events:<\/h4>\n\n\n<p>Skt. Hans arrangement ved havnen 23. juni 2026\u00a0<\/p>\n<p>H\u00f8stfest 5. september 2026<\/p>\n\n\n<h4 class=\"wp-block-heading\">Nyheder:<\/h4>\n\n\n<ul class=\"wp-block-latest-posts__list wp-block-latest-posts\"><li><a class=\"wp-block-latest-posts__post-title\" href=\"https:\/\/www.visitaskoe.dk\/?p=1860\">GRATIS \u00c6BLEPLUK<\/a><\/li>\n<li><a class=\"wp-block-latest-posts__post-title\" href=\"https:\/\/www.visitaskoe.dk\/?p=1858\">JULEBANKO<\/a><\/li>\n<li><a class=\"wp-block-latest-posts__post-title\" href=\"https:\/\/www.visitaskoe.dk\/?p=1845\">H\u00f8stfest 9\/9 2023<\/a><\/li>\n<li><a class=\"wp-block-latest-posts__post-title\" href=\"https:\/\/www.visitaskoe.dk\/?p=1820\">Fremtidens f\u00e6rgefart<\/a><\/li>\n<li><a class=\"wp-block-latest-posts__post-title\" href=\"https:\/\/www.visitaskoe.dk\/?p=1801\">Sommerfest, Ask\u00f8 K\u00f8bmand 22\/7 2023<\/a><\/li>\n<\/ul>\n\n\n<h4 class=\"wp-block-heading\" id=\"facebook\">Opslag p\u00e5 Facebook:<\/h4>\n\n\n<ul class=\"wp-block-latest-posts__list wp-block-latest-posts\"><li><a class=\"wp-block-latest-posts__post-title\" href=\"https:\/\/www.visitaskoe.dk\/?p=1091\">Facebook &#8211; Almennyttige boliger<\/a><\/li>\n<li><a class=\"wp-block-latest-posts__post-title\" href=\"https:\/\/www.visitaskoe.dk\/?p=1084\">F\u00e6rger i fremtiden<\/a><\/li>\n<li><a class=\"wp-block-latest-posts__post-title\" href=\"https:\/\/www.visitaskoe.dk\/?p=1069\">\u00c5bning af den nye hjemmeside<\/a><\/li>\n<li><a class=\"wp-block-latest-posts__post-title\" href=\"https:\/\/www.visitaskoe.dk\/?p=1067\">Julebanko AFLYST (Coronapas)<\/a><\/li>\n<li><a class=\"wp-block-latest-posts__post-title\" href=\"https:\/\/www.visitaskoe.dk\/?p=833\">Facebook &#8211; Planloven<\/a><\/li>\n<\/ul>\n\n\n<h4 class=\"wp-block-heading\" id=\"nyhedsbreve\">Nyhedsbrev fra Ask\u00f8\/Lille\u00f8 Beboerforening:<\/h4>\n\n\n\n<h4 class=\"wp-block-heading\" id=\"sm\u00e5\u00f8er\">Nyheder fra Danske Sm\u00e5\u00f8er:<\/h4>\n\n\n<ul class=\"wp-block-latest-posts__list wp-block-latest-posts\"><li><a class=\"wp-block-latest-posts__post-title\" href=\"https:\/\/www.visitaskoe.dk\/?p=1877\">Nyhedsmail &#8211; til \u00d8-repr\u00e6sentanter<\/a><\/li>\n<li><a class=\"wp-block-latest-posts__post-title\" href=\"https:\/\/www.visitaskoe.dk\/?p=1418\">ETABLERING AF NY LAG FOR SM\u00c5\u00d8ERNE<\/a><\/li>\n<\/ul>\n\n\n<h4 class=\"wp-block-heading\" id=\"\u00e6ble\u00f8erne\">Nyhedsbrev fra \u00c6ble\u00f8erne:<\/h4>\n\n\n\n<p><\/p>\n","protected":false},"excerpt":{"rendered":"<p>Events: Skt. Hans arrangement ved havnen 23. juni 2026\u00a0 H\u00f8stfest 5. september 2026 Nyheder: Opslag p\u00e5 Facebook: Nyhedsbrev fra Ask\u00f8\/Lille\u00f8 Beboerforening: Nyheder fra Danske Sm\u00e5\u00f8er: Nyhedsbrev fra \u00c6ble\u00f8erne:<\/p>\n","protected":false},"author":2,"featured_media":0,"parent":0,"menu_order":0,"comment_status":"closed","ping_status":"closed","template":"templates\/full-width-page.php","meta":{"_lmt_disableupdate":"no","_lmt_disable":"","footnotes":""},"class_list":["post-236","page","type-page","status-publish","hentry"],"aioseo_notices":[],"jetpack_likes_enabled":true,"jetpack_sharing_enabled":true,"_links":{"self":[{"href":"https:\/\/www.visitaskoe.dk\/index.php?rest_route=\/wp\/v2\/pages\/236","targetHints":{"allow":["GET"]}}],"collection":[{"href":"https:\/\/www.visitaskoe.dk\/index.php?rest_route=\/wp\/v2\/pages"}],"about":[{"href":"https:\/\/www.visitaskoe.dk\/index.php?rest_route=\/wp\/v2\/types\/page"}],"author":[{"embeddable":true,"href":"https:\/\/www.visitaskoe.dk\/index.php?rest_route=\/wp\/v2\/users\/2"}],"replies":[{"embeddable":true,"href":"https:\/\/www.visitaskoe.dk\/index.php?rest_route=%2Fwp%2Fv2%2Fcomments&post=236"}],"version-history":[{"count":15,"href":"https:\/\/www.visitaskoe.dk\/index.php?rest_route=\/wp\/v2\/pages\/236\/revisions"}],"predecessor-version":[{"id":2006,"href":"https:\/\/www.visitaskoe.dk\/index.php?rest_route=\/wp\/v2\/pages\/236\/revisions\/2006"}],"wp:attachment":[{"href":"https:\/\/www.visitaskoe.dk\/index.php?rest_route=%2Fwp%2Fv2%2Fmedia&parent=236"}],"curies":[{"name":"wp","href":"https:\/\/api.w.org\/{rel}","templated":true}]}}