{"id":329,"date":"2021-10-28T16:21:47","date_gmt":"2021-10-28T16:21:47","guid":{"rendered":"http:\/\/www.visitaskoe.dk\/?page_id=329"},"modified":"2021-10-28T16:31:29","modified_gmt":"2021-10-28T16:31:29","slug":"akuthjaelp-112","status":"publish","type":"page","link":"https:\/\/www.visitaskoe.dk\/?page_id=329","title":{"rendered":"Akuthj\u00e6lp &#8211; 112"},"content":{"rendered":"\n<div class=\"wp-block-columns is-layout-flex wp-container-core-columns-is-layout-9d6595d7 wp-block-columns-is-layout-flex\">\n<div class=\"wp-block-column is-layout-flow wp-block-column-is-layout-flow\" style=\"flex-basis:33.33%\">\n<figure class=\"wp-block-image size-full\"><img data-recalc-dims=\"1\" loading=\"lazy\" decoding=\"async\" width=\"593\" height=\"590\" src=\"https:\/\/i0.wp.com\/www.visitaskoe.dk\/wp-content\/uploads\/2021\/10\/Akuthjaelper.png?resize=593%2C590\" alt=\"\" class=\"wp-image-332\" srcset=\"https:\/\/i0.wp.com\/www.visitaskoe.dk\/wp-content\/uploads\/2021\/10\/Akuthjaelper.png?w=593&amp;ssl=1 593w, https:\/\/i0.wp.com\/www.visitaskoe.dk\/wp-content\/uploads\/2021\/10\/Akuthjaelper.png?resize=300%2C298&amp;ssl=1 300w, https:\/\/i0.wp.com\/www.visitaskoe.dk\/wp-content\/uploads\/2021\/10\/Akuthjaelper.png?resize=150%2C150&amp;ssl=1 150w, https:\/\/i0.wp.com\/www.visitaskoe.dk\/wp-content\/uploads\/2021\/10\/Akuthjaelper.png?resize=100%2C100&amp;ssl=1 100w\" sizes=\"auto, (max-width: 593px) 100vw, 593px\" \/><\/figure>\n\n\n\n<figure class=\"wp-block-image size-full\"><img data-recalc-dims=\"1\" loading=\"lazy\" decoding=\"async\" width=\"685\" height=\"703\" src=\"https:\/\/i0.wp.com\/www.visitaskoe.dk\/wp-content\/uploads\/2021\/10\/Hjertestarter.png?resize=685%2C703\" alt=\"\" class=\"wp-image-334\" srcset=\"https:\/\/i0.wp.com\/www.visitaskoe.dk\/wp-content\/uploads\/2021\/10\/Hjertestarter.png?w=721&amp;ssl=1 721w, https:\/\/i0.wp.com\/www.visitaskoe.dk\/wp-content\/uploads\/2021\/10\/Hjertestarter.png?resize=292%2C300&amp;ssl=1 292w, https:\/\/i0.wp.com\/www.visitaskoe.dk\/wp-content\/uploads\/2021\/10\/Hjertestarter.png?resize=685%2C703&amp;ssl=1 685w\" sizes=\"auto, (max-width: 685px) 100vw, 685px\" \/><\/figure>\n\n\n\n<figure class=\"wp-block-image size-full\"><img data-recalc-dims=\"1\" loading=\"lazy\" decoding=\"async\" width=\"592\" height=\"590\" src=\"https:\/\/i0.wp.com\/www.visitaskoe.dk\/wp-content\/uploads\/2021\/10\/brandbil3.png?resize=592%2C590\" alt=\"\" class=\"wp-image-333\" srcset=\"https:\/\/i0.wp.com\/www.visitaskoe.dk\/wp-content\/uploads\/2021\/10\/brandbil3.png?w=592&amp;ssl=1 592w, https:\/\/i0.wp.com\/www.visitaskoe.dk\/wp-content\/uploads\/2021\/10\/brandbil3.png?resize=300%2C300&amp;ssl=1 300w, https:\/\/i0.wp.com\/www.visitaskoe.dk\/wp-content\/uploads\/2021\/10\/brandbil3.png?resize=150%2C150&amp;ssl=1 150w, https:\/\/i0.wp.com\/www.visitaskoe.dk\/wp-content\/uploads\/2021\/10\/brandbil3.png?resize=100%2C100&amp;ssl=1 100w\" sizes=\"auto, (max-width: 592px) 100vw, 592px\" \/><\/figure>\n<\/div>\n\n\n\n<div class=\"wp-block-column is-layout-flow wp-block-column-is-layout-flow\" style=\"flex-basis:66.66%\">\n<p style=\"font-size:15px\"><strong>Akuthj\u00e6lperne p\u00e5 Ask\u00f8<\/strong><\/p>\n\n\n\n<p class=\"has-black-color has-luminous-vivid-amber-background-color has-text-color has-background\" style=\"font-size:15px\"><strong>Skulle du nogensinde komme i n\u00f8d og f\u00e5 brug for f\u00f8rstehj\u00e6lp og m\u00e5ske lige frem en ambulance, skal du altid starte med at\u00a0ringe 112.<\/strong><\/p>\n\n\n\n<p style=\"font-size:15px\">P\u00e5 centralen bliver du hjulpet og centralen aktiverer ogs\u00e5 de akuthj\u00e6lpere som bor p\u00e5 Ask\u00f8-Lille\u00f8.<\/p>\n\n\n\n<p style=\"font-size:15px\">De vil automatisk blive sendt ud til dig og de sikrer at du f\u00e5r den n\u00f8dvendige f\u00f8rstehj\u00e6lp, imens man venter p\u00e5 enten ambulancen, f\u00e6rgen eller i de meget grelle situationer helikopteren.<\/p>\n\n\n\n<p style=\"font-size:15px\">Akuthj\u00e6lperne har f\u00e5et en udvidet f\u00f8rstehj\u00e6lpsuddannelse og er blandt andet uddannet i at:<\/p>\n\n\n\n<ul class=\"wp-block-list\" style=\"font-size:15px\"><li>give dig hjerte\/lunge redning<\/li><li>give ilt og bruge hjertestarteren<\/li><li>give indspr\u00f8jtning ved et allergisk tilf\u00e6lde<\/li><\/ul>\n\n\n\n<p style=\"font-size:15px\">Akuthj\u00e6lperne er i kontakt med alarmcentralen imens behandling foretages. Dette er en tryghed, som du som turist, fastboende og sommerhusg\u00e6st ydes, n\u00e5r du er p\u00e5 \u00f8en.<\/p>\n\n\n\n<p style=\"font-size:15px\">Akuthj\u00e6lperne f\u00e5r uddannelse via Regionen og en gang \u00e5rligt er der uddannelse og opdatering af hj\u00e6lperne her p\u00e5 Ask\u00f8. Det er fastboende, som er blandt akuthj\u00e6lperne.<\/p>\n\n\n\n<p style=\"font-size:15px\">Vi h\u00e5ber du aldrig skal opleve os i den rolle.<\/p>\n\n\n\n<p style=\"font-size:15px\"><em>Fra Ask\u00f8-nyt september 2021<\/em>&nbsp;<em><a href=\"http:\/\/web-side.dk\/Website\/Websites\/www.askoe-nyt.dk\/file\/Ask%C3%B8Nyt\/2021\/ask%C3%B8_nyt_september_2021-Internet.pdf\">(link)<\/a><\/em><\/p>\n\n\n\n<p style=\"font-size:15px\"><strong>HJERTESTARTERE P\u00c5 ASK\u00d8<\/strong><\/p>\n\n\n\n<p style=\"font-size:15px\">Der findes hjertestartere i havnehuset og ved vandv\u00e6rket p\u00e5 \u00d8sterhovedvej<\/p>\n\n\n\n<p style=\"font-size:15px\"><strong>BRAND<\/strong><\/p>\n\n\n\n<p style=\"font-size:15px\">Ask\u00f8 har sin egen spr\u00f8jte og frivillige brandvagt som rekvireres ved at ringe 112<\/p>\n<\/div>\n<\/div>\n","protected":false},"excerpt":{"rendered":"<p>Akuthj\u00e6lperne p\u00e5 Ask\u00f8 Skulle du nogensinde komme i n\u00f8d og f\u00e5 brug for f\u00f8rstehj\u00e6lp og m\u00e5ske lige frem en ambulance, skal du altid starte med at\u00a0ringe 112. P\u00e5 centralen bliver &hellip; <a href=\"https:\/\/www.visitaskoe.dk\/?page_id=329\" class=\"more-link\">Continue reading <span class=\"screen-reader-text\">Akuthj\u00e6lp &#8211; 112<\/span><\/a><\/p>\n","protected":false},"author":2,"featured_media":0,"parent":0,"menu_order":0,"comment_status":"closed","ping_status":"closed","template":"templates\/full-width-page.php","meta":{"_lmt_disableupdate":"","_lmt_disable":"","footnotes":""},"class_list":["post-329","page","type-page","status-publish","hentry"],"aioseo_notices":[],"jetpack_likes_enabled":true,"jetpack_sharing_enabled":true,"_links":{"self":[{"href":"https:\/\/www.visitaskoe.dk\/index.php?rest_route=\/wp\/v2\/pages\/329","targetHints":{"allow":["GET"]}}],"collection":[{"href":"https:\/\/www.visitaskoe.dk\/index.php?rest_route=\/wp\/v2\/pages"}],"about":[{"href":"https:\/\/www.visitaskoe.dk\/index.php?rest_route=\/wp\/v2\/types\/page"}],"author":[{"embeddable":true,"href":"https:\/\/www.visitaskoe.dk\/index.php?rest_route=\/wp\/v2\/users\/2"}],"replies":[{"embeddable":true,"href":"https:\/\/www.visitaskoe.dk\/index.php?rest_route=%2Fwp%2Fv2%2Fcomments&post=329"}],"version-history":[{"count":0,"href":"https:\/\/www.visitaskoe.dk\/index.php?rest_route=\/wp\/v2\/pages\/329\/revisions"}],"wp:attachment":[{"href":"https:\/\/www.visitaskoe.dk\/index.php?rest_route=%2Fwp%2Fv2%2Fmedia&parent=329"}],"curies":[{"name":"wp","href":"https:\/\/api.w.org\/{rel}","templated":true}]}}