{"id":395,"date":"2021-10-29T12:17:33","date_gmt":"2021-10-29T12:17:33","guid":{"rendered":"http:\/\/www.visitaskoe.dk\/?page_id=395"},"modified":"2021-12-01T20:50:17","modified_gmt":"2021-12-01T20:50:17","slug":"omtale","status":"publish","type":"page","link":"https:\/\/www.visitaskoe.dk\/?page_id=395","title":{"rendered":"Omtale"},"content":{"rendered":"\n<p>Se anmeldelser af Ask\u00f8\/Lille\u00f8 (<a href=\"https:\/\/www.google.dk\/search?q=ask%C3%B8&amp;sxsrf=AOaemvLf2dbSBFwZYGMCj2EDLW-aAZNh4w%3A1637754389218&amp;ei=FSaeYaXWDL6A9u8P84epuA0&amp;oq=ask%C3%B8&amp;gs_lcp=Cgdnd3Mtd2l6EAEYADIECCMQJzIECCMQJzIECCMQJzIFCC4QgAQyBQgAEIAEMgUIABCABDIFCC4QgAQyCwguEIAEEMcBEK8BMgUIABCABDIFCAAQgAQ6BwgjELADECc6CAgAEIAEELEDOhEILhCABBCxAxCDARDHARDRAzoICAAQsQMQgwE6DgguEIAEELEDEMcBENEDOggILhCxAxCDAToLCAAQgAQQsQMQgwE6BAgAEEM6CAguEIAEELEDSgQIQRgBUMQSWJIcYPE0aANwAHgAgAG6AYgB-wOSAQMxLjOYAQCgAQHIAQHAAQE&amp;sclient=gws-wiz#lrd=0x47ad4d999432b1f5:0xd4e07514f94d7278,1,,,\" target=\"_blank\" rel=\"noreferrer noopener\">LINK<\/a>)<\/p>\n\n\n\n<div data-wp-interactive=\"core\/file\" class=\"wp-block-file\"><object data-wp-bind--hidden=\"!state.hasPdfPreview\" hidden class=\"wp-block-file__embed\" data=\"http:\/\/www.visitaskoe.dk\/wp-content\/uploads\/2021\/11\/Bliv-forelsket-i.pdf\" type=\"application\/pdf\" style=\"width:100%;height:270px\" aria-label=\"Embed Embed Bliv forelsket i.......\"><\/object><a href=\"http:\/\/www.visitaskoe.dk\/wp-content\/uploads\/2021\/11\/Bliv-forelsket-i.pdf\">Bliv forelsket i&#8230;..<\/a><a href=\"http:\/\/www.visitaskoe.dk\/wp-content\/uploads\/2021\/11\/Bliv-forelsket-i.pdf\" class=\"wp-block-file__button\" download>Download<\/a><\/div>\n\n\n\n<p><\/p>\n\n\n\n<p><a href=\"https:\/\/www.rundtidanmark.dk\/oe-tips\/laes-oe-rejseberetninger-rundt-i-danmark\/oe-rejseberetning-askoe-lilleoe-rundt-i-danmark\/\">\u00d8-Rejseberetning &#8211; Ask\u00f8-Lille\u00f8 &#8211; Rundt i Danmark &#8211; \u00d8 i Sm\u00e5landshavet<\/a><\/p>\n\n\n\n<p><a href=\"https:\/\/twodanesontour.com\/2019\/06\/danmark-dejligst-askoe-og-lilleoe\/\" target=\"_blank\" rel=\"noreferrer noopener\">Danmark dejligst &#8211; Ask\u00f8 og Lille\u00f8 &#8211; Two Danes On Tour<\/a><\/p>\n\n\n\n<p><\/p>\n\n\n\n<div data-wp-interactive=\"core\/file\" class=\"wp-block-file\"><object data-wp-bind--hidden=\"!state.hasPdfPreview\" hidden class=\"wp-block-file__embed\" data=\"http:\/\/www.visitaskoe.dk\/wp-content\/uploads\/2021\/11\/Interview-med-foerstegangskoeber-paa-Askoe-1.pdf\" type=\"application\/pdf\" style=\"width:100%;height:490px\" aria-label=\"Embed Embed Interview med f\u00f8rstegangsk\u00f8ber p\u00e5 Ask\u00f8..\"><\/object><a href=\"http:\/\/www.visitaskoe.dk\/wp-content\/uploads\/2021\/11\/Interview-med-foerstegangskoeber-paa-Askoe-1.pdf\">Interview med f\u00f8rstegangsk\u00f8ber p\u00e5 Ask\u00f8<\/a><a href=\"http:\/\/www.visitaskoe.dk\/wp-content\/uploads\/2021\/11\/Interview-med-foerstegangskoeber-paa-Askoe-1.pdf\" class=\"wp-block-file__button\" download>Download<\/a><\/div>\n\n\n\n<p><\/p>\n","protected":false},"excerpt":{"rendered":"<p>Se anmeldelser af Ask\u00f8\/Lille\u00f8 (LINK) \u00d8-Rejseberetning &#8211; Ask\u00f8-Lille\u00f8 &#8211; Rundt i Danmark &#8211; \u00d8 i Sm\u00e5landshavet Danmark dejligst &#8211; Ask\u00f8 og Lille\u00f8 &#8211; Two Danes On Tour<\/p>\n","protected":false},"author":2,"featured_media":0,"parent":0,"menu_order":0,"comment_status":"closed","ping_status":"closed","template":"templates\/full-width-page.php","meta":{"_lmt_disableupdate":"no","_lmt_disable":"","footnotes":""},"class_list":["post-395","page","type-page","status-publish","hentry"],"aioseo_notices":[],"jetpack_likes_enabled":true,"jetpack_sharing_enabled":true,"_links":{"self":[{"href":"https:\/\/www.visitaskoe.dk\/index.php?rest_route=\/wp\/v2\/pages\/395","targetHints":{"allow":["GET"]}}],"collection":[{"href":"https:\/\/www.visitaskoe.dk\/index.php?rest_route=\/wp\/v2\/pages"}],"about":[{"href":"https:\/\/www.visitaskoe.dk\/index.php?rest_route=\/wp\/v2\/types\/page"}],"author":[{"embeddable":true,"href":"https:\/\/www.visitaskoe.dk\/index.php?rest_route=\/wp\/v2\/users\/2"}],"replies":[{"embeddable":true,"href":"https:\/\/www.visitaskoe.dk\/index.php?rest_route=%2Fwp%2Fv2%2Fcomments&post=395"}],"version-history":[{"count":3,"href":"https:\/\/www.visitaskoe.dk\/index.php?rest_route=\/wp\/v2\/pages\/395\/revisions"}],"predecessor-version":[{"id":1113,"href":"https:\/\/www.visitaskoe.dk\/index.php?rest_route=\/wp\/v2\/pages\/395\/revisions\/1113"}],"wp:attachment":[{"href":"https:\/\/www.visitaskoe.dk\/index.php?rest_route=%2Fwp%2Fv2%2Fmedia&parent=395"}],"curies":[{"name":"wp","href":"https:\/\/api.w.org\/{rel}","templated":true}]}}