{"id":397,"date":"2021-10-29T12:46:50","date_gmt":"2021-10-29T12:46:50","guid":{"rendered":"http:\/\/www.visitaskoe.dk\/?page_id=397"},"modified":"2022-04-14T14:55:11","modified_gmt":"2022-04-14T14:55:11","slug":"facebook","status":"publish","type":"page","link":"https:\/\/www.visitaskoe.dk\/?page_id=397","title":{"rendered":"Facebook"},"content":{"rendered":"\n<div class=\"wp-block-columns is-layout-flex wp-container-core-columns-is-layout-9d6595d7 wp-block-columns-is-layout-flex\">\n<div class=\"wp-block-column is-layout-flow wp-block-column-is-layout-flow\">\n<div class=\"wp-block-columns is-layout-flex wp-container-core-columns-is-layout-9d6595d7 wp-block-columns-is-layout-flex\">\n<div class=\"wp-block-column is-layout-flow wp-block-column-is-layout-flow\" style=\"flex-basis:33.33%\">\n<div class=\"wp-block-image\"><figure class=\"alignright size-full is-resized\"><img data-recalc-dims=\"1\" loading=\"lazy\" decoding=\"async\" src=\"https:\/\/i0.wp.com\/www.visitaskoe.dk\/wp-content\/uploads\/2021\/10\/Facebook.png?resize=149%2C149\" alt=\"\" class=\"wp-image-392\" width=\"149\" height=\"149\" srcset=\"https:\/\/i0.wp.com\/www.visitaskoe.dk\/wp-content\/uploads\/2021\/10\/Facebook.png?w=591&amp;ssl=1 591w, https:\/\/i0.wp.com\/www.visitaskoe.dk\/wp-content\/uploads\/2021\/10\/Facebook.png?resize=300%2C300&amp;ssl=1 300w, https:\/\/i0.wp.com\/www.visitaskoe.dk\/wp-content\/uploads\/2021\/10\/Facebook.png?resize=150%2C150&amp;ssl=1 150w, https:\/\/i0.wp.com\/www.visitaskoe.dk\/wp-content\/uploads\/2021\/10\/Facebook.png?resize=100%2C100&amp;ssl=1 100w\" sizes=\"auto, (max-width: 149px) 100vw, 149px\" \/><\/figure><\/div>\n<\/div>\n\n\n\n<div class=\"wp-block-column is-layout-flow wp-block-column-is-layout-flow\" style=\"flex-basis:66.66%\">\n<h5 class=\"wp-block-heading\">Link til Facebook grupper vedr. Ask\u00f8\/Lille\u00f8<\/h5>\n<\/div>\n<\/div>\n<\/div>\n<\/div>\n\n\n\n<div class=\"wp-block-columns is-layout-flex wp-container-core-columns-is-layout-9d6595d7 wp-block-columns-is-layout-flex\">\n<div class=\"wp-block-column is-layout-flow wp-block-column-is-layout-flow\" style=\"flex-basis:33.33%\">\n<figure class=\"wp-block-image size-large\"><img data-recalc-dims=\"1\" loading=\"lazy\" decoding=\"async\" width=\"685\" height=\"254\" src=\"https:\/\/i0.wp.com\/www.visitaskoe.dk\/wp-content\/uploads\/2021\/10\/Askoe-Lilleoe-1024x379.png?resize=685%2C254\" alt=\"\" class=\"wp-image-412\" srcset=\"https:\/\/i0.wp.com\/www.visitaskoe.dk\/wp-content\/uploads\/2021\/10\/Askoe-Lilleoe.png?resize=1024%2C379&amp;ssl=1 1024w, https:\/\/i0.wp.com\/www.visitaskoe.dk\/wp-content\/uploads\/2021\/10\/Askoe-Lilleoe.png?resize=300%2C111&amp;ssl=1 300w, https:\/\/i0.wp.com\/www.visitaskoe.dk\/wp-content\/uploads\/2021\/10\/Askoe-Lilleoe.png?resize=768%2C284&amp;ssl=1 768w, https:\/\/i0.wp.com\/www.visitaskoe.dk\/wp-content\/uploads\/2021\/10\/Askoe-Lilleoe.png?resize=1536%2C569&amp;ssl=1 1536w, https:\/\/i0.wp.com\/www.visitaskoe.dk\/wp-content\/uploads\/2021\/10\/Askoe-Lilleoe.png?resize=685%2C254&amp;ssl=1 685w, https:\/\/i0.wp.com\/www.visitaskoe.dk\/wp-content\/uploads\/2021\/10\/Askoe-Lilleoe.png?w=1880&amp;ssl=1 1880w, https:\/\/i0.wp.com\/www.visitaskoe.dk\/wp-content\/uploads\/2021\/10\/Askoe-Lilleoe.png?w=1370&amp;ssl=1 1370w\" sizes=\"auto, (max-width: 685px) 100vw, 685px\" \/><\/figure>\n<\/div>\n\n\n\n<div class=\"wp-block-column is-layout-flow wp-block-column-is-layout-flow\" style=\"flex-basis:66.66%\">\n<p> <a rel=\"noreferrer noopener\" href=\"https:\/\/www.facebook.com\/groups\/41350540776\/\" target=\"_blank\">Ask\u00f8\/Lille\u00f8<\/a> <\/p>\n<\/div>\n<\/div>\n\n\n\n<div class=\"wp-block-columns is-layout-flex wp-container-core-columns-is-layout-9d6595d7 wp-block-columns-is-layout-flex\">\n<div class=\"wp-block-column is-layout-flow wp-block-column-is-layout-flow\" style=\"flex-basis:33.33%\">\n<figure class=\"wp-block-image size-full\"><img data-recalc-dims=\"1\" loading=\"lazy\" decoding=\"async\" width=\"685\" height=\"685\" src=\"https:\/\/i0.wp.com\/www.visitaskoe.dk\/wp-content\/uploads\/2021\/10\/Hygge-og-info.jpg?resize=685%2C685\" alt=\"\" class=\"wp-image-413\" srcset=\"https:\/\/i0.wp.com\/www.visitaskoe.dk\/wp-content\/uploads\/2021\/10\/Hygge-og-info.jpg?w=960&amp;ssl=1 960w, https:\/\/i0.wp.com\/www.visitaskoe.dk\/wp-content\/uploads\/2021\/10\/Hygge-og-info.jpg?resize=300%2C300&amp;ssl=1 300w, https:\/\/i0.wp.com\/www.visitaskoe.dk\/wp-content\/uploads\/2021\/10\/Hygge-og-info.jpg?resize=150%2C150&amp;ssl=1 150w, https:\/\/i0.wp.com\/www.visitaskoe.dk\/wp-content\/uploads\/2021\/10\/Hygge-og-info.jpg?resize=768%2C768&amp;ssl=1 768w, https:\/\/i0.wp.com\/www.visitaskoe.dk\/wp-content\/uploads\/2021\/10\/Hygge-og-info.jpg?resize=685%2C685&amp;ssl=1 685w, https:\/\/i0.wp.com\/www.visitaskoe.dk\/wp-content\/uploads\/2021\/10\/Hygge-og-info.jpg?resize=100%2C100&amp;ssl=1 100w\" sizes=\"auto, (max-width: 685px) 100vw, 685px\" \/><\/figure>\n<\/div>\n\n\n\n<div class=\"wp-block-column is-layout-flow wp-block-column-is-layout-flow\" style=\"flex-basis:66.66%\">\n<p> <a rel=\"noreferrer noopener\" href=\"https:\/\/www.facebook.com\/groups\/274171836434132\/\" target=\"_blank\">Ask\u00f8-Lille\u00f8 hygge og info<\/a> <\/p>\n<\/div>\n<\/div>\n\n\n\n<div class=\"wp-block-columns is-layout-flex wp-container-core-columns-is-layout-9d6595d7 wp-block-columns-is-layout-flex\">\n<div class=\"wp-block-column is-layout-flow wp-block-column-is-layout-flow\" style=\"flex-basis:33.33%\">\n<figure class=\"wp-block-image size-large\"><img data-recalc-dims=\"1\" loading=\"lazy\" decoding=\"async\" width=\"685\" height=\"514\" src=\"https:\/\/i0.wp.com\/www.visitaskoe.dk\/wp-content\/uploads\/2021\/10\/ASG-1024x768.jpg?resize=685%2C514\" alt=\"\" class=\"wp-image-414\" srcset=\"https:\/\/i0.wp.com\/www.visitaskoe.dk\/wp-content\/uploads\/2021\/10\/ASG.jpg?resize=1024%2C768&amp;ssl=1 1024w, https:\/\/i0.wp.com\/www.visitaskoe.dk\/wp-content\/uploads\/2021\/10\/ASG.jpg?resize=300%2C225&amp;ssl=1 300w, https:\/\/i0.wp.com\/www.visitaskoe.dk\/wp-content\/uploads\/2021\/10\/ASG.jpg?resize=768%2C576&amp;ssl=1 768w, https:\/\/i0.wp.com\/www.visitaskoe.dk\/wp-content\/uploads\/2021\/10\/ASG.jpg?resize=1536%2C1152&amp;ssl=1 1536w, https:\/\/i0.wp.com\/www.visitaskoe.dk\/wp-content\/uploads\/2021\/10\/ASG.jpg?resize=685%2C514&amp;ssl=1 685w, https:\/\/i0.wp.com\/www.visitaskoe.dk\/wp-content\/uploads\/2021\/10\/ASG.jpg?resize=2000%2C1500&amp;ssl=1 2000w, https:\/\/i0.wp.com\/www.visitaskoe.dk\/wp-content\/uploads\/2021\/10\/ASG.jpg?w=2048&amp;ssl=1 2048w, https:\/\/i0.wp.com\/www.visitaskoe.dk\/wp-content\/uploads\/2021\/10\/ASG.jpg?w=1370&amp;ssl=1 1370w\" sizes=\"auto, (max-width: 685px) 100vw, 685px\" \/><\/figure>\n<\/div>\n\n\n\n<div class=\"wp-block-column is-layout-flow wp-block-column-is-layout-flow\" style=\"flex-basis:66.66%\">\n<p> <a rel=\"noreferrer noopener\" href=\"https:\/\/www.facebook.com\/groups\/askoestrandviggrundejerforening\/\" target=\"_blank\">Ask\u00f8 Strandvig Grundejerforening<\/a> <\/p>\n<\/div>\n<\/div>\n\n\n\n<div class=\"wp-block-columns is-layout-flex wp-container-core-columns-is-layout-9d6595d7 wp-block-columns-is-layout-flex\">\n<div class=\"wp-block-column is-layout-flow wp-block-column-is-layout-flow\" style=\"flex-basis:33.33%\">\n<figure class=\"wp-block-image size-large\"><img data-recalc-dims=\"1\" loading=\"lazy\" decoding=\"async\" width=\"685\" height=\"320\" src=\"https:\/\/i0.wp.com\/www.visitaskoe.dk\/wp-content\/uploads\/2021\/10\/Koebmand-1024x479.jpg?resize=685%2C320\" alt=\"\" class=\"wp-image-415\" srcset=\"https:\/\/i0.wp.com\/www.visitaskoe.dk\/wp-content\/uploads\/2021\/10\/Koebmand.jpg?resize=1024%2C479&amp;ssl=1 1024w, https:\/\/i0.wp.com\/www.visitaskoe.dk\/wp-content\/uploads\/2021\/10\/Koebmand.jpg?resize=300%2C140&amp;ssl=1 300w, https:\/\/i0.wp.com\/www.visitaskoe.dk\/wp-content\/uploads\/2021\/10\/Koebmand.jpg?resize=768%2C359&amp;ssl=1 768w, https:\/\/i0.wp.com\/www.visitaskoe.dk\/wp-content\/uploads\/2021\/10\/Koebmand.jpg?resize=1536%2C718&amp;ssl=1 1536w, https:\/\/i0.wp.com\/www.visitaskoe.dk\/wp-content\/uploads\/2021\/10\/Koebmand.jpg?resize=685%2C320&amp;ssl=1 685w, https:\/\/i0.wp.com\/www.visitaskoe.dk\/wp-content\/uploads\/2021\/10\/Koebmand.jpg?w=1540&amp;ssl=1 1540w, https:\/\/i0.wp.com\/www.visitaskoe.dk\/wp-content\/uploads\/2021\/10\/Koebmand.jpg?w=1370&amp;ssl=1 1370w\" sizes=\"auto, (max-width: 685px) 100vw, 685px\" \/><\/figure>\n<\/div>\n\n\n\n<div class=\"wp-block-column is-layout-flow wp-block-column-is-layout-flow\" style=\"flex-basis:66.66%\">\n<p> <a rel=\"noreferrer noopener\" href=\"https:\/\/www.facebook.com\/groups\/2340616252724182\" target=\"_blank\">Ask\u00f8 K\u00f8bmandshandel<\/a> <\/p>\n<\/div>\n<\/div>\n\n\n\n<div class=\"wp-block-columns is-layout-flex wp-container-core-columns-is-layout-9d6595d7 wp-block-columns-is-layout-flex\">\n<div class=\"wp-block-column is-layout-flow wp-block-column-is-layout-flow\" style=\"flex-basis:33.33%\">\n<figure class=\"wp-block-image size-full\"><img data-recalc-dims=\"1\" loading=\"lazy\" decoding=\"async\" width=\"685\" height=\"514\" src=\"https:\/\/i0.wp.com\/www.visitaskoe.dk\/wp-content\/uploads\/2021\/11\/Askoe-sejlklub.jpg?resize=685%2C514\" alt=\"\" class=\"wp-image-797\" srcset=\"https:\/\/i0.wp.com\/www.visitaskoe.dk\/wp-content\/uploads\/2021\/11\/Askoe-sejlklub.jpg?w=960&amp;ssl=1 960w, https:\/\/i0.wp.com\/www.visitaskoe.dk\/wp-content\/uploads\/2021\/11\/Askoe-sejlklub.jpg?resize=300%2C225&amp;ssl=1 300w, https:\/\/i0.wp.com\/www.visitaskoe.dk\/wp-content\/uploads\/2021\/11\/Askoe-sejlklub.jpg?resize=768%2C576&amp;ssl=1 768w, https:\/\/i0.wp.com\/www.visitaskoe.dk\/wp-content\/uploads\/2021\/11\/Askoe-sejlklub.jpg?resize=685%2C514&amp;ssl=1 685w\" sizes=\"auto, (max-width: 685px) 100vw, 685px\" \/><\/figure>\n<\/div>\n\n\n\n<div class=\"wp-block-column is-layout-flow wp-block-column-is-layout-flow\" style=\"flex-basis:66.66%\">\n<p><a href=\"https:\/\/www.facebook.com\/askoesejlklub\/\" target=\"_blank\" rel=\"noreferrer noopener\">Ask\u00f8 Sejlklub<\/a><\/p>\n<\/div>\n<\/div>\n\n\n\n<div class=\"wp-block-columns is-layout-flex wp-container-core-columns-is-layout-9d6595d7 wp-block-columns-is-layout-flex\">\n<div class=\"wp-block-column is-layout-flow wp-block-column-is-layout-flow\" style=\"flex-basis:33.33%\">\n<figure class=\"wp-block-image size-large\"><img data-recalc-dims=\"1\" loading=\"lazy\" decoding=\"async\" width=\"685\" height=\"385\" src=\"https:\/\/i0.wp.com\/www.visitaskoe.dk\/wp-content\/uploads\/2021\/10\/Askoe-Lilleoe-Fejoe-Femoe-Moen-1024x576.jpg?resize=685%2C385\" alt=\"\" class=\"wp-image-416\" srcset=\"https:\/\/i0.wp.com\/www.visitaskoe.dk\/wp-content\/uploads\/2021\/10\/Askoe-Lilleoe-Fejoe-Femoe-Moen.jpg?resize=1024%2C576&amp;ssl=1 1024w, https:\/\/i0.wp.com\/www.visitaskoe.dk\/wp-content\/uploads\/2021\/10\/Askoe-Lilleoe-Fejoe-Femoe-Moen.jpg?resize=300%2C169&amp;ssl=1 300w, https:\/\/i0.wp.com\/www.visitaskoe.dk\/wp-content\/uploads\/2021\/10\/Askoe-Lilleoe-Fejoe-Femoe-Moen.jpg?resize=768%2C432&amp;ssl=1 768w, https:\/\/i0.wp.com\/www.visitaskoe.dk\/wp-content\/uploads\/2021\/10\/Askoe-Lilleoe-Fejoe-Femoe-Moen.jpg?resize=1536%2C864&amp;ssl=1 1536w, https:\/\/i0.wp.com\/www.visitaskoe.dk\/wp-content\/uploads\/2021\/10\/Askoe-Lilleoe-Fejoe-Femoe-Moen.jpg?resize=685%2C385&amp;ssl=1 685w, https:\/\/i0.wp.com\/www.visitaskoe.dk\/wp-content\/uploads\/2021\/10\/Askoe-Lilleoe-Fejoe-Femoe-Moen.jpg?w=1707&amp;ssl=1 1707w, https:\/\/i0.wp.com\/www.visitaskoe.dk\/wp-content\/uploads\/2021\/10\/Askoe-Lilleoe-Fejoe-Femoe-Moen.jpg?w=1370&amp;ssl=1 1370w\" sizes=\"auto, (max-width: 685px) 100vw, 685px\" \/><\/figure>\n<\/div>\n\n\n\n<div class=\"wp-block-column is-layout-flow wp-block-column-is-layout-flow\" style=\"flex-basis:66.66%\">\n<p>  <a rel=\"noreferrer noopener\" href=\"https:\/\/www.facebook.com\/groups\/146740974084389\" target=\"_blank\">Ask\u00f8 &amp; Lille\u00f8 &#8211; Fej\u00f8 &#8211; Fem\u00f8 &amp; M\u00f8n&#8217;s natursk\u00f8nne flora og fauna!<\/a> <\/p>\n<\/div>\n<\/div>\n\n\n\n<div class=\"wp-block-columns is-layout-flex wp-container-core-columns-is-layout-9d6595d7 wp-block-columns-is-layout-flex\">\n<div class=\"wp-block-column is-layout-flow wp-block-column-is-layout-flow\" style=\"flex-basis:33.33%\">\n<figure class=\"wp-block-image size-large\"><img data-recalc-dims=\"1\" loading=\"lazy\" decoding=\"async\" width=\"685\" height=\"274\" src=\"https:\/\/i0.wp.com\/www.visitaskoe.dk\/wp-content\/uploads\/2021\/10\/Askoe-Lilleoe-Aktiviteter-1024x410.jpg?resize=685%2C274\" alt=\"\" class=\"wp-image-417\" srcset=\"https:\/\/i0.wp.com\/www.visitaskoe.dk\/wp-content\/uploads\/2021\/10\/Askoe-Lilleoe-Aktiviteter.jpg?resize=1024%2C410&amp;ssl=1 1024w, https:\/\/i0.wp.com\/www.visitaskoe.dk\/wp-content\/uploads\/2021\/10\/Askoe-Lilleoe-Aktiviteter.jpg?resize=300%2C120&amp;ssl=1 300w, https:\/\/i0.wp.com\/www.visitaskoe.dk\/wp-content\/uploads\/2021\/10\/Askoe-Lilleoe-Aktiviteter.jpg?resize=768%2C308&amp;ssl=1 768w, https:\/\/i0.wp.com\/www.visitaskoe.dk\/wp-content\/uploads\/2021\/10\/Askoe-Lilleoe-Aktiviteter.jpg?resize=685%2C274&amp;ssl=1 685w, https:\/\/i0.wp.com\/www.visitaskoe.dk\/wp-content\/uploads\/2021\/10\/Askoe-Lilleoe-Aktiviteter.jpg?w=1191&amp;ssl=1 1191w\" sizes=\"auto, (max-width: 685px) 100vw, 685px\" \/><\/figure>\n<\/div>\n\n\n\n<div class=\"wp-block-column is-layout-flow wp-block-column-is-layout-flow\" style=\"flex-basis:66.66%\">\n<p> <a rel=\"noreferrer noopener\" href=\"https:\/\/www.facebook.com\/pages\/Ask%C3%B8Lille%C3%B8-Aktiviteter\/629153887141622\" target=\"_blank\">Ask\u00f8\/Lille\u00f8 aktiviteter<\/a> <\/p>\n<\/div>\n<\/div>\n\n\n\n<div class=\"wp-block-columns is-layout-flex wp-container-core-columns-is-layout-9d6595d7 wp-block-columns-is-layout-flex\">\n<div class=\"wp-block-column is-layout-flow wp-block-column-is-layout-flow\" style=\"flex-basis:33.33%\">\n<figure class=\"wp-block-image size-large is-style-default\"><img data-recalc-dims=\"1\" loading=\"lazy\" decoding=\"async\" width=\"685\" height=\"298\" src=\"https:\/\/i0.wp.com\/www.visitaskoe.dk\/wp-content\/uploads\/2022\/04\/Askoe-Krukken.png?resize=685%2C298&#038;ssl=1\" alt=\"\" class=\"wp-image-1318\" srcset=\"https:\/\/i0.wp.com\/www.visitaskoe.dk\/wp-content\/uploads\/2022\/04\/Askoe-Krukken.png?resize=1024%2C446&amp;ssl=1 1024w, https:\/\/i0.wp.com\/www.visitaskoe.dk\/wp-content\/uploads\/2022\/04\/Askoe-Krukken.png?resize=300%2C131&amp;ssl=1 300w, https:\/\/i0.wp.com\/www.visitaskoe.dk\/wp-content\/uploads\/2022\/04\/Askoe-Krukken.png?resize=768%2C334&amp;ssl=1 768w, https:\/\/i0.wp.com\/www.visitaskoe.dk\/wp-content\/uploads\/2022\/04\/Askoe-Krukken.png?resize=685%2C298&amp;ssl=1 685w, https:\/\/i0.wp.com\/www.visitaskoe.dk\/wp-content\/uploads\/2022\/04\/Askoe-Krukken.png?w=1408&amp;ssl=1 1408w\" sizes=\"auto, (max-width: 685px) 100vw, 685px\" \/><\/figure>\n<\/div>\n\n\n\n<div class=\"wp-block-column is-layout-flow wp-block-column-is-layout-flow\" style=\"flex-basis:66.66%\">\n<p><a href=\"https:\/\/www.facebook.com\/Askoe.Krukken\" target=\"_blank\" rel=\"noreferrer noopener\">Ask\u00f8-Krukken<\/a><\/p>\n<\/div>\n<\/div>\n\n\n\n<div class=\"wp-block-columns is-layout-flex wp-container-core-columns-is-layout-9d6595d7 wp-block-columns-is-layout-flex\">\n<div class=\"wp-block-column is-layout-flow wp-block-column-is-layout-flow\" style=\"flex-basis:33.33%\">\n<figure class=\"wp-block-image size-full is-style-default\"><img data-recalc-dims=\"1\" loading=\"lazy\" decoding=\"async\" width=\"400\" height=\"217\" src=\"https:\/\/i0.wp.com\/www.visitaskoe.dk\/wp-content\/uploads\/2022\/04\/Loppemarked-paa-Askoe-Lilleoe.jpg?resize=400%2C217&#038;ssl=1\" alt=\"\" class=\"wp-image-1326\" srcset=\"https:\/\/i0.wp.com\/www.visitaskoe.dk\/wp-content\/uploads\/2022\/04\/Loppemarked-paa-Askoe-Lilleoe.jpg?w=400&amp;ssl=1 400w, https:\/\/i0.wp.com\/www.visitaskoe.dk\/wp-content\/uploads\/2022\/04\/Loppemarked-paa-Askoe-Lilleoe.jpg?resize=300%2C163&amp;ssl=1 300w\" sizes=\"auto, (max-width: 400px) 100vw, 400px\" \/><\/figure>\n<\/div>\n\n\n\n<div class=\"wp-block-column is-layout-flow wp-block-column-is-layout-flow\" style=\"flex-basis:66.66%\">\n<p><a href=\"https:\/\/www.facebook.com\/groups\/103579156489514\" target=\"_blank\" rel=\"noreferrer noopener\">Loppemarked Ask\u00f8-Lille\u00f8<\/a><\/p>\n<\/div>\n<\/div>\n\n\n\n<div class=\"wp-block-columns is-layout-flex wp-container-core-columns-is-layout-9d6595d7 wp-block-columns-is-layout-flex\">\n<div class=\"wp-block-column is-layout-flow wp-block-column-is-layout-flow\" style=\"flex-basis:33.33%\">\n<figure class=\"wp-block-image size-large is-style-default\"><img data-recalc-dims=\"1\" loading=\"lazy\" decoding=\"async\" width=\"685\" height=\"257\" src=\"https:\/\/i0.wp.com\/www.visitaskoe.dk\/wp-content\/uploads\/2022\/04\/Nyheder-fra-Askoe-Lilleoe.jpg?resize=685%2C257&#038;ssl=1\" alt=\"\" class=\"wp-image-1327\" srcset=\"https:\/\/i0.wp.com\/www.visitaskoe.dk\/wp-content\/uploads\/2022\/04\/Nyheder-fra-Askoe-Lilleoe.jpg?resize=1024%2C384&amp;ssl=1 1024w, https:\/\/i0.wp.com\/www.visitaskoe.dk\/wp-content\/uploads\/2022\/04\/Nyheder-fra-Askoe-Lilleoe.jpg?resize=300%2C113&amp;ssl=1 300w, https:\/\/i0.wp.com\/www.visitaskoe.dk\/wp-content\/uploads\/2022\/04\/Nyheder-fra-Askoe-Lilleoe.jpg?resize=768%2C288&amp;ssl=1 768w, https:\/\/i0.wp.com\/www.visitaskoe.dk\/wp-content\/uploads\/2022\/04\/Nyheder-fra-Askoe-Lilleoe.jpg?resize=685%2C257&amp;ssl=1 685w, https:\/\/i0.wp.com\/www.visitaskoe.dk\/wp-content\/uploads\/2022\/04\/Nyheder-fra-Askoe-Lilleoe.jpg?w=1440&amp;ssl=1 1440w, https:\/\/i0.wp.com\/www.visitaskoe.dk\/wp-content\/uploads\/2022\/04\/Nyheder-fra-Askoe-Lilleoe.jpg?w=1370&amp;ssl=1 1370w\" sizes=\"auto, (max-width: 685px) 100vw, 685px\" \/><\/figure>\n<\/div>\n\n\n\n<div class=\"wp-block-column is-layout-flow wp-block-column-is-layout-flow\" style=\"flex-basis:66.66%\">\n<p><a href=\"https:\/\/www.facebook.com\/groups\/581956602891388\/\" target=\"_blank\" rel=\"noreferrer noopener\">Nyheder fra Ask\u00f8 og Lille\u00f8<\/a><\/p>\n<\/div>\n<\/div>\n\n\n\n<div class=\"wp-block-columns is-layout-flex wp-container-core-columns-is-layout-9d6595d7 wp-block-columns-is-layout-flex\">\n<div class=\"wp-block-column is-layout-flow wp-block-column-is-layout-flow\" style=\"flex-basis:33.33%\">\n<figure class=\"wp-block-image size-large is-style-default\"><img data-recalc-dims=\"1\" loading=\"lazy\" decoding=\"async\" width=\"685\" height=\"514\" src=\"https:\/\/i0.wp.com\/www.visitaskoe.dk\/wp-content\/uploads\/2022\/04\/Lilleoe-vin.jpg?resize=685%2C514&#038;ssl=1\" alt=\"\" class=\"wp-image-1325\" srcset=\"https:\/\/i0.wp.com\/www.visitaskoe.dk\/wp-content\/uploads\/2022\/04\/Lilleoe-vin.jpg?resize=1024%2C768&amp;ssl=1 1024w, https:\/\/i0.wp.com\/www.visitaskoe.dk\/wp-content\/uploads\/2022\/04\/Lilleoe-vin.jpg?resize=300%2C225&amp;ssl=1 300w, https:\/\/i0.wp.com\/www.visitaskoe.dk\/wp-content\/uploads\/2022\/04\/Lilleoe-vin.jpg?resize=768%2C576&amp;ssl=1 768w, https:\/\/i0.wp.com\/www.visitaskoe.dk\/wp-content\/uploads\/2022\/04\/Lilleoe-vin.jpg?resize=1536%2C1151&amp;ssl=1 1536w, https:\/\/i0.wp.com\/www.visitaskoe.dk\/wp-content\/uploads\/2022\/04\/Lilleoe-vin.jpg?resize=685%2C513&amp;ssl=1 685w, https:\/\/i0.wp.com\/www.visitaskoe.dk\/wp-content\/uploads\/2022\/04\/Lilleoe-vin.jpg?resize=2000%2C1499&amp;ssl=1 2000w, https:\/\/i0.wp.com\/www.visitaskoe.dk\/wp-content\/uploads\/2022\/04\/Lilleoe-vin.jpg?w=2048&amp;ssl=1 2048w, https:\/\/i0.wp.com\/www.visitaskoe.dk\/wp-content\/uploads\/2022\/04\/Lilleoe-vin.jpg?w=1370&amp;ssl=1 1370w\" sizes=\"auto, (max-width: 685px) 100vw, 685px\" \/><\/figure>\n<\/div>\n\n\n\n<div class=\"wp-block-column is-layout-flow wp-block-column-is-layout-flow\" style=\"flex-basis:66.66%\">\n<p><a href=\"https:\/\/www.facebook.com\/lilleovin\" target=\"_blank\" rel=\"noreferrer noopener\">Lille\u00f8 Vin<\/a><\/p>\n<\/div>\n<\/div>\n\n\n\n<p><br><\/p>\n","protected":false},"excerpt":{"rendered":"<p>Link til Facebook grupper vedr. Ask\u00f8\/Lille\u00f8 Ask\u00f8\/Lille\u00f8 Ask\u00f8-Lille\u00f8 hygge og info Ask\u00f8 Strandvig Grundejerforening Ask\u00f8 K\u00f8bmandshandel Ask\u00f8 Sejlklub Ask\u00f8 &amp; Lille\u00f8 &#8211; Fej\u00f8 &#8211; Fem\u00f8 &amp; M\u00f8n&#8217;s natursk\u00f8nne flora og &hellip; <a href=\"https:\/\/www.visitaskoe.dk\/?page_id=397\" class=\"more-link\">Continue reading <span class=\"screen-reader-text\">Facebook<\/span><\/a><\/p>\n","protected":false},"author":2,"featured_media":0,"parent":0,"menu_order":0,"comment_status":"closed","ping_status":"closed","template":"templates\/full-width-page.php","meta":{"_lmt_disableupdate":"no","_lmt_disable":"","footnotes":""},"class_list":["post-397","page","type-page","status-publish","hentry"],"aioseo_notices":[],"jetpack_likes_enabled":true,"jetpack_sharing_enabled":true,"_links":{"self":[{"href":"https:\/\/www.visitaskoe.dk\/index.php?rest_route=\/wp\/v2\/pages\/397","targetHints":{"allow":["GET"]}}],"collection":[{"href":"https:\/\/www.visitaskoe.dk\/index.php?rest_route=\/wp\/v2\/pages"}],"about":[{"href":"https:\/\/www.visitaskoe.dk\/index.php?rest_route=\/wp\/v2\/types\/page"}],"author":[{"embeddable":true,"href":"https:\/\/www.visitaskoe.dk\/index.php?rest_route=\/wp\/v2\/users\/2"}],"replies":[{"embeddable":true,"href":"https:\/\/www.visitaskoe.dk\/index.php?rest_route=%2Fwp%2Fv2%2Fcomments&post=397"}],"version-history":[{"count":1,"href":"https:\/\/www.visitaskoe.dk\/index.php?rest_route=\/wp\/v2\/pages\/397\/revisions"}],"predecessor-version":[{"id":1330,"href":"https:\/\/www.visitaskoe.dk\/index.php?rest_route=\/wp\/v2\/pages\/397\/revisions\/1330"}],"wp:attachment":[{"href":"https:\/\/www.visitaskoe.dk\/index.php?rest_route=%2Fwp%2Fv2%2Fmedia&parent=397"}],"curies":[{"name":"wp","href":"https:\/\/api.w.org\/{rel}","templated":true}]}}