{"id":399,"date":"2021-10-29T12:52:18","date_gmt":"2021-10-29T12:52:18","guid":{"rendered":"http:\/\/www.visitaskoe.dk\/?page_id=399"},"modified":"2022-12-06T17:13:58","modified_gmt":"2022-12-06T16:13:58","slug":"film-og-billeder","status":"publish","type":"page","link":"https:\/\/www.visitaskoe.dk\/?page_id=399","title":{"rendered":"Film og Billeder"},"content":{"rendered":"\n<h3 class=\"wp-block-heading\"><strong>Videoer:<\/strong><\/h3>\n\n\n\n<ul class=\"wp-block-list\">\n<li><a rel=\"noreferrer noopener\" href=\"https:\/\/youtu.be\/h0MTqChrIgY\" target=\"_blank\">P\u00e5 udflugt til Ask\u00f8 8\/7 2021<\/a><\/li>\n\n\n\n<li><a rel=\"noreferrer noopener\" href=\"https:\/\/youtu.be\/dSHZ4evgEk4\" target=\"_blank\">Living in a summerhouse at Ask\u00f8<\/a><\/li>\n\n\n\n<li><a rel=\"noreferrer noopener\" href=\"https:\/\/youtu.be\/vfHVdvIi5bU\" target=\"_blank\">Ask\u00f8 Strandvig naturlegeplads<\/a><\/li>\n\n\n\n<li><a rel=\"noreferrer noopener\" href=\"https:\/\/youtu.be\/yfyiMmglWQQ\" target=\"_blank\">Book en shelter p\u00e5 Ask\u00f8<\/a><\/li>\n<\/ul>\n\n\n\n<h3 class=\"wp-block-heading\">Billeder:<\/h3>\n\n\n\n<p><a href=\"https:\/\/www.visitaskoe.dk\/?page_id=1082\" target=\"_blank\" rel=\"noopener\" title=\"\">Se billeder fra H.M. Dronning Margrethe II&#8217;s bes\u00f8g p\u00e5 Ask\u00f8-Lille\u00f8 31. august 2022<\/a><\/p>\n\n\n\n<h5 class=\"wp-block-heading\">Slide show i stort format:<\/h5>\n\n\n<div class='white' style='background:rgba(0,0,0,0); border:solid 0px rgba(0,0,0,0); border-radius:0px; padding:0px 0px 0px 0px;'>\n<div id='slider_271' class='owl-carousel sa_owl_theme autohide-arrows' data-slider-id='slider_271' style='visibility:hidden;'>\n<div id='slider_271_slide01' class='sa_hover_container' style='padding:5% 5%; margin:0px 0%; background-image:url(&quot;https:\/\/i0.wp.com\/www.visitaskoe.dk\/wp-content\/uploads\/2021\/10\/DSC_8988-2-scaled.jpg?fit=2560%2C1440&amp;ssl=1&quot;); background-position:left top; background-size:contain; background-repeat:no-repeat; '><\/div>\n<div id='slider_271_slide02' class='sa_hover_container' style='padding:5% 5%; margin:0px 0%; background-image:url(&quot;https:\/\/i0.wp.com\/www.visitaskoe.dk\/wp-content\/uploads\/2021\/10\/DSC_4548-2-scaled.jpg?fit=2560%2C1440&amp;ssl=1&quot;); background-position:left top; background-size:contain; background-repeat:no-repeat; '><\/div>\n<div id='slider_271_slide03' class='sa_hover_container' style='padding:5% 5%; margin:0px 0%; background-image:url(&quot;https:\/\/i0.wp.com\/www.visitaskoe.dk\/wp-content\/uploads\/2021\/10\/DSC_9029-scaled.jpg?fit=2560%2C1529&amp;ssl=1&quot;); background-position:left top; background-size:contain; background-repeat:no-repeat; '><p>&nbsp;<\/p>\r\n<p>&nbsp;<\/p><\/div>\n<div id='slider_271_slide04' class='sa_hover_container' style='padding:5% 5%; margin:0px 0%; background-image:url(&quot;https:\/\/i0.wp.com\/www.visitaskoe.dk\/wp-content\/uploads\/2021\/10\/P5290057-2-scaled.jpg?fit=2560%2C1444&amp;ssl=1&quot;); background-position:left top; background-size:contain; background-repeat:no-repeat; '><\/div>\n<div id='slider_271_slide05' class='sa_hover_container' style='padding:5% 5%; margin:0px 0%; background-image:url(&quot;https:\/\/i0.wp.com\/www.visitaskoe.dk\/wp-content\/uploads\/2021\/10\/DSC_1449-scaled.jpg?fit=2560%2C1590&amp;ssl=1&quot;); background-position:left top; background-size:contain; background-repeat:no-repeat; '><\/div>\n<div id='slider_271_slide06' class='sa_hover_container' style='padding:5% 5%; margin:0px 0%; background-image:url(&quot;https:\/\/i0.wp.com\/www.visitaskoe.dk\/wp-content\/uploads\/2021\/10\/DSC_7164-2-scaled.jpg?fit=2560%2C1440&amp;ssl=1&quot;); background-position:left top; background-size:contain; background-repeat:no-repeat; '><\/div>\n<div id='slider_271_slide07' class='sa_hover_container' style='padding:5% 5%; margin:0px 0%; background-image:url(&quot;https:\/\/i0.wp.com\/www.visitaskoe.dk\/wp-content\/uploads\/2021\/10\/P5290184-2-scaled.jpg?fit=2560%2C1443&amp;ssl=1&quot;); background-position:left top; background-size:contain; background-repeat:no-repeat; '><\/div>\n<div id='slider_271_slide08' class='sa_hover_container' style='padding:5% 5%; margin:0px 0%; background-image:url(&quot;https:\/\/i0.wp.com\/www.visitaskoe.dk\/wp-content\/uploads\/2021\/10\/DSC_0466-scaled.jpg?fit=2560%2C1440&amp;ssl=1&quot;); background-position:left top; background-size:contain; background-repeat:no-repeat; '><\/div>\n<div id='slider_271_slide09' class='sa_hover_container' style='padding:5% 5%; margin:0px 0%; background-image:url(&quot;https:\/\/i0.wp.com\/www.visitaskoe.dk\/wp-content\/uploads\/2021\/10\/DJI_0005-2-scaled.jpg?fit=2560%2C1440&amp;ssl=1&quot;); background-position:left top; background-size:contain; background-repeat:no-repeat; '><\/div>\n<div id='slider_271_slide10' class='sa_hover_container' style='padding:5% 5%; margin:0px 0%; background-image:url(&quot;https:\/\/i0.wp.com\/www.visitaskoe.dk\/wp-content\/uploads\/2021\/10\/DSC_5038-scaled.jpg?fit=2560%2C1440&amp;ssl=1&quot;); background-position:left top; background-size:contain; background-repeat:no-repeat; '><\/div>\n<div id='slider_271_slide11' class='sa_hover_container' style='padding:5% 5%; margin:0px 0%; background-image:url(&quot;https:\/\/i0.wp.com\/www.visitaskoe.dk\/wp-content\/uploads\/2021\/10\/DJI_0359-2-scaled.jpg?fit=2560%2C1458&amp;ssl=1&quot;); background-position:left top; background-size:contain; background-repeat:no-repeat; '><\/div>\n<div id='slider_271_slide12' class='sa_hover_container' style='padding:5% 5%; margin:0px 0%; background-image:url(&quot;https:\/\/i0.wp.com\/www.visitaskoe.dk\/wp-content\/uploads\/2021\/10\/DSC_4598-3-scaled.jpg?fit=2560%2C1440&amp;ssl=1&quot;); background-position:left top; background-size:contain; background-repeat:no-repeat; '><\/div>\n<div id='slider_271_slide13' class='sa_hover_container' style='padding:5% 5%; margin:0px 0%; background-image:url(&quot;https:\/\/i0.wp.com\/www.visitaskoe.dk\/wp-content\/uploads\/2021\/10\/DJI_0006-3-scaled.jpg?fit=2560%2C1440&amp;ssl=1&quot;); background-position:left top; background-size:contain; background-repeat:no-repeat; '><\/div>\n<div id='slider_271_slide14' class='sa_hover_container' style='padding:5% 5%; margin:0px 0%; background-image:url(&quot;https:\/\/i0.wp.com\/www.visitaskoe.dk\/wp-content\/uploads\/2021\/10\/DSC_4989-scaled.jpg?fit=2560%2C1440&amp;ssl=1&quot;); background-position:left top; background-size:contain; background-repeat:no-repeat; '><\/div>\n<\/div>\n<\/div>\n<script type='text\/javascript'>\n\tjQuery(document).ready(function() {\n\t\tjQuery('#slider_271').owlCarousel({\n\t\t\titems : 1,\n\t\t\tsmartSpeed : 1000,\n\t\t\tautoplay : true,\n\t\t\tautoplayTimeout : 3500,\n\t\t\tautoplayHoverPause : true,\n\t\t\tsmartSpeed : 1000,\n\t\t\tfluidSpeed : 1000,\n\t\t\tautoplaySpeed : 1000,\n\t\t\tnavSpeed : 1000,\n\t\t\tdotsSpeed : 1000,\n\t\t\tloop : true,\n\t\t\tnav : false,\n\t\t\tnavText : ['Previous','Next'],\n\t\t\tdots : false,\n\t\t\tresponsiveRefreshRate : 200,\n\t\t\tslideBy : 1,\n\t\t\tmergeFit : true,\n\t\t\tautoHeight : true,\n\t\t\tmouseDrag : false,\n\t\t\ttouchDrag : false\n\t\t});\n\t\tjQuery('#slider_271').css('visibility', 'visible');\n\t\tsa_resize_slider_271();\n\t\twindow.addEventListener('resize', sa_resize_slider_271);\n\t\tfunction sa_resize_slider_271() {\n\t\t\tvar min_height = 'aspect169';\n\t\t\tvar win_width = jQuery(window).width();\n\t\t\tvar slider_width = jQuery('#slider_271').width();\n\t\t\tif (win_width < 480) {\n\t\t\t\tvar slide_width = slider_width \/ 1;\n\t\t\t} else if (win_width < 768) {\n\t\t\t\tvar slide_width = slider_width \/ 1;\n\t\t\t} else if (win_width < 980) {\n\t\t\t\tvar slide_width = slider_width \/ 1;\n\t\t\t} else if (win_width < 1200) {\n\t\t\t\tvar slide_width = slider_width \/ 1;\n\t\t\t} else if (win_width < 1500) {\n\t\t\t\tvar slide_width = slider_width \/ 1;\n\t\t\t} else {\n\t\t\t\tvar slide_width = slider_width \/ 1;\n\t\t\t}\n\t\t\tslide_width = Math.round(slide_width);\n\t\t\tvar slide_height = '0';\n\t\t\tif (min_height == 'aspect43') {\n\t\t\t\tslide_height = (slide_width \/ 4) * 3;\t\t\t\tslide_height = Math.round(slide_height);\n\t\t\t} else if (min_height == 'aspect169') {\n\t\t\t\tslide_height = (slide_width \/ 16) * 9;\t\t\t\tslide_height = Math.round(slide_height);\n\t\t\t} else {\n\t\t\t\tslide_height = (slide_width \/ 100) * min_height;\t\t\t\tslide_height = Math.round(slide_height);\n\t\t\t}\n\t\t\tjQuery('#slider_271 .owl-item .sa_hover_container').css('min-height', slide_height+'px');\n\t\t}\n\t\tvar owl_goto = jQuery('#slider_271');\n\t\tjQuery('.slider_271_goto1').click(function(event){\n\t\t\towl_goto.trigger('to.owl.carousel', 0);\n\t\t});\n\t\tjQuery('.slider_271_goto2').click(function(event){\n\t\t\towl_goto.trigger('to.owl.carousel', 1);\n\t\t});\n\t\tjQuery('.slider_271_goto3').click(function(event){\n\t\t\towl_goto.trigger('to.owl.carousel', 2);\n\t\t});\n\t\tjQuery('.slider_271_goto4').click(function(event){\n\t\t\towl_goto.trigger('to.owl.carousel', 3);\n\t\t});\n\t\tjQuery('.slider_271_goto5').click(function(event){\n\t\t\towl_goto.trigger('to.owl.carousel', 4);\n\t\t});\n\t\tjQuery('.slider_271_goto6').click(function(event){\n\t\t\towl_goto.trigger('to.owl.carousel', 5);\n\t\t});\n\t\tjQuery('.slider_271_goto7').click(function(event){\n\t\t\towl_goto.trigger('to.owl.carousel', 6);\n\t\t});\n\t\tjQuery('.slider_271_goto8').click(function(event){\n\t\t\towl_goto.trigger('to.owl.carousel', 7);\n\t\t});\n\t\tjQuery('.slider_271_goto9').click(function(event){\n\t\t\towl_goto.trigger('to.owl.carousel', 8);\n\t\t});\n\t\tjQuery('.slider_271_goto10').click(function(event){\n\t\t\towl_goto.trigger('to.owl.carousel', 9);\n\t\t});\n\t\tjQuery('.slider_271_goto11').click(function(event){\n\t\t\towl_goto.trigger('to.owl.carousel', 10);\n\t\t});\n\t\tjQuery('.slider_271_goto12').click(function(event){\n\t\t\towl_goto.trigger('to.owl.carousel', 11);\n\t\t});\n\t\tjQuery('.slider_271_goto13').click(function(event){\n\t\t\towl_goto.trigger('to.owl.carousel', 12);\n\t\t});\n\t\tjQuery('.slider_271_goto14').click(function(event){\n\t\t\towl_goto.trigger('to.owl.carousel', 13);\n\t\t});\n\t\tvar resize_271 = jQuery('.owl-carousel');\n\t\tresize_271.on('initialized.owl.carousel', function(e) {\n\t\t\tif (typeof(Event) === 'function') {\n\t\t\t\twindow.dispatchEvent(new Event('resize'));\n\t\t\t} else {\n\t\t\t\tvar evt = window.document.createEvent('UIEvents');\n\t\t\t\tevt.initUIEvent('resize', true, false, window, 0);\n\t\t\t\twindow.dispatchEvent(evt);\n\t\t\t}\n\t\t});\n\t});\n<\/script>\n\n","protected":false},"excerpt":{"rendered":"<p>Videoer: Billeder: Se billeder fra H.M. Dronning Margrethe II&#8217;s bes\u00f8g p\u00e5 Ask\u00f8-Lille\u00f8 31. august 2022 Slide show i stort format:<\/p>\n","protected":false},"author":2,"featured_media":0,"parent":0,"menu_order":0,"comment_status":"closed","ping_status":"closed","template":"templates\/full-width-page.php","meta":{"_lmt_disableupdate":"no","_lmt_disable":"","footnotes":""},"class_list":["post-399","page","type-page","status-publish","hentry"],"aioseo_notices":[],"jetpack_likes_enabled":true,"jetpack_sharing_enabled":true,"_links":{"self":[{"href":"https:\/\/www.visitaskoe.dk\/index.php?rest_route=\/wp\/v2\/pages\/399","targetHints":{"allow":["GET"]}}],"collection":[{"href":"https:\/\/www.visitaskoe.dk\/index.php?rest_route=\/wp\/v2\/pages"}],"about":[{"href":"https:\/\/www.visitaskoe.dk\/index.php?rest_route=\/wp\/v2\/types\/page"}],"author":[{"embeddable":true,"href":"https:\/\/www.visitaskoe.dk\/index.php?rest_route=\/wp\/v2\/users\/2"}],"replies":[{"embeddable":true,"href":"https:\/\/www.visitaskoe.dk\/index.php?rest_route=%2Fwp%2Fv2%2Fcomments&post=399"}],"version-history":[{"count":2,"href":"https:\/\/www.visitaskoe.dk\/index.php?rest_route=\/wp\/v2\/pages\/399\/revisions"}],"predecessor-version":[{"id":1723,"href":"https:\/\/www.visitaskoe.dk\/index.php?rest_route=\/wp\/v2\/pages\/399\/revisions\/1723"}],"wp:attachment":[{"href":"https:\/\/www.visitaskoe.dk\/index.php?rest_route=%2Fwp%2Fv2%2Fmedia&parent=399"}],"curies":[{"name":"wp","href":"https:\/\/api.w.org\/{rel}","templated":true}]}}