{"id":7,"date":"2021-10-23T15:04:32","date_gmt":"2021-10-23T15:04:32","guid":{"rendered":"http:\/\/www.visitaskoe.dk\/?page_id=7"},"modified":"2026-04-29T20:51:15","modified_gmt":"2026-04-29T18:51:15","slug":"om","status":"publish","type":"page","link":"https:\/\/www.visitaskoe.dk\/?page_id=7","title":{"rendered":"Om.."},"content":{"rendered":"\n<p style=\"font-size:15px\">Ask\u00f8 (2,8 km<sup>2<\/sup>) og Lille\u00f8 (0,8 km<sup>2<\/sup>) ligger i Sm\u00e5landshavet, nord for Lolland.&nbsp;Ask\u00f8-Lille\u00f8 er forbundet med en 750 m lang d\u00e6mning. Der er p.t. 44 fastboende (16\/11-2021).<\/p>\n\n\n\n<p style=\"font-size:15px\">Om sommeren stiger antallet af beboere betydeligt,&nbsp; her er 261&nbsp;sommerhusgrunde, de fleste med sommerhuse. Desuden en del hel\u00e5rsboliger med fritidsstatus.<\/p>\n\n\n\n<p style=\"font-size:15px\">Her&nbsp;har man mulighed for at slappe af &#8211; glemme hverdagens jag &#8211; nyde den sk\u00f8nne natur og fuglelivet &#8211; eller sit otium i fred og ro, men ogs\u00e5 et sted, hvor der er plads til b\u00f8rn.<\/p>\n\n\n\n<p style=\"font-size:15px\">Ask\u00f8 &#8211; Lille\u00f8 er dog smukkest, n\u00e5r frugttr\u00e6erne blomster om for\u00e5ret, n\u00e5r badevandet er tilpas om sommeren, eller n\u00e5r boderne er fulde af ny h\u00f8stet frugt. Sensommerens honning og alle de s\u00e6rlige produkter, som de fastboende laver i pagt med naturen og milj\u00f8et. Selv om vinteren, hvor sneen ligger ud over markerne, er her k\u00f8nt. Det speciale lys, som havet giver ind over vores \u00f8er, giver en harmoni og fred.<\/p>\n\n\n\n<p style=\"font-size:15px\">Solopgang og solnedgang er minutter, der altid er v\u00e6rd at nyde.<\/p>\n\n\n\n<div class=\"wp-block-columns is-layout-flex wp-container-core-columns-is-layout-9d6595d7 wp-block-columns-is-layout-flex\">\n<div class=\"wp-block-column is-layout-flow wp-block-column-is-layout-flow\"><\/div>\n\n\n\n<div class=\"wp-block-column is-layout-flow wp-block-column-is-layout-flow\">\n<figure class=\"wp-block-image size-large\"><img data-recalc-dims=\"1\" loading=\"lazy\" decoding=\"async\" width=\"685\" height=\"390\" src=\"https:\/\/i0.wp.com\/www.visitaskoe.dk\/wp-content\/uploads\/2021\/10\/DJI_0359-2-1024x583.jpg?resize=685%2C390\" alt=\"\" class=\"wp-image-658\" srcset=\"https:\/\/i0.wp.com\/www.visitaskoe.dk\/wp-content\/uploads\/2021\/10\/DJI_0359-2-scaled.jpg?resize=1024%2C583&amp;ssl=1 1024w, https:\/\/i0.wp.com\/www.visitaskoe.dk\/wp-content\/uploads\/2021\/10\/DJI_0359-2-scaled.jpg?resize=300%2C171&amp;ssl=1 300w, https:\/\/i0.wp.com\/www.visitaskoe.dk\/wp-content\/uploads\/2021\/10\/DJI_0359-2-scaled.jpg?resize=768%2C437&amp;ssl=1 768w, https:\/\/i0.wp.com\/www.visitaskoe.dk\/wp-content\/uploads\/2021\/10\/DJI_0359-2-scaled.jpg?resize=1536%2C875&amp;ssl=1 1536w, https:\/\/i0.wp.com\/www.visitaskoe.dk\/wp-content\/uploads\/2021\/10\/DJI_0359-2-scaled.jpg?resize=2048%2C1166&amp;ssl=1 2048w, https:\/\/i0.wp.com\/www.visitaskoe.dk\/wp-content\/uploads\/2021\/10\/DJI_0359-2-scaled.jpg?resize=685%2C390&amp;ssl=1 685w, https:\/\/i0.wp.com\/www.visitaskoe.dk\/wp-content\/uploads\/2021\/10\/DJI_0359-2-scaled.jpg?resize=2000%2C1139&amp;ssl=1 2000w, https:\/\/i0.wp.com\/www.visitaskoe.dk\/wp-content\/uploads\/2021\/10\/DJI_0359-2-scaled.jpg?w=1370&amp;ssl=1 1370w\" sizes=\"auto, (max-width: 685px) 100vw, 685px\" \/><\/figure>\n<\/div>\n\n\n\n<div class=\"wp-block-column is-layout-flow wp-block-column-is-layout-flow\"><\/div>\n<\/div>\n\n\n\n<h5 class=\"wp-block-heading\">Fra wikipedia (med rettelser):<\/h5>\n\n\n\n<p style=\"font-size:15px\"><strong>Ask\u00f8<\/strong>&nbsp;er en&nbsp;<a href=\"https:\/\/da.wikipedia.org\/wiki\/%C3%98\">\u00f8<\/a>&nbsp;i&nbsp;<a href=\"https:\/\/da.wikipedia.org\/wiki\/Sm%C3%A5landsfarvandet\">Sm\u00e5landsfarvandet<\/a>&nbsp;nord for&nbsp;<a href=\"https:\/\/da.wikipedia.org\/wiki\/Lolland\">Lolland<\/a>. \u00d8en h\u00f8rer til&nbsp;<a href=\"https:\/\/da.wikipedia.org\/wiki\/Lolland_Kommune\">Lolland Kommune<\/a>.<\/p>\n\n\n\n<p style=\"font-size:15px\">Ask\u00f8 er en meget flad \u00f8, som ved&nbsp;<a href=\"https:\/\/da.wikipedia.org\/wiki\/Stormflod\">stormfloderne<\/a>&nbsp;i&nbsp;<a href=\"https:\/\/da.wikipedia.org\/wiki\/1858\">1858<\/a>&nbsp;og&nbsp;<a href=\"https:\/\/da.wikipedia.org\/wiki\/1872\">1872<\/a>&nbsp;blev delvist&nbsp;<a href=\"https:\/\/da.wikipedia.org\/wiki\/Oversv%C3%B8mmelse\">oversv\u00f8mmet<\/a>. En del af \u00f8en, herunder den indd\u00e6mmede&nbsp;<a href=\"https:\/\/da.wikipedia.org\/w\/index.php?title=Kirkevig&amp;action=edit&amp;redlink=1\">Kirkevig<\/a>, er sikret med&nbsp;<a href=\"https:\/\/da.wikipedia.org\/wiki\/Dige\">diger<\/a>&nbsp;mod oversv\u00f8ming.<\/p>\n\n\n\n<p style=\"font-size:15px\">Indbyggertallet p\u00e5 Ask\u00f8 har v\u00e6ret st\u00f8t dalende siden\u00a0<a href=\"https:\/\/da.wikipedia.org\/wiki\/1945\">1945<\/a>, da der boede ca. 238 &#8211;  pr. 18. november 2025 var der  46 fastboende. Skolen blev lagt i m\u00f8lpose i\u00a0<a href=\"https:\/\/da.wikipedia.org\/wiki\/1988\">1987<\/a>\u00a0p\u00e5 grund af mangel p\u00e5 elever, og lukket i 1988. De fleste fastboende bor i Ask\u00f8 by p\u00e5 den nordlige del af \u00f8en, hvor\u00a0<a href=\"https:\/\/da.wikipedia.org\/w\/index.php?title=Ask%C3%B8_Kirke&amp;action=edit&amp;redlink=1\">Ask\u00f8 Kirke<\/a>\u00a0ligger. Mod \u00f8st findes et sommerhusomr\u00e5de med 261 grunde.<\/p>\n\n\n\n<p style=\"font-size:15px\">Tidligere besk\u00e6ftigede&nbsp;<a href=\"https:\/\/da.wikipedia.org\/wiki\/Fiskeri\">fiskeri<\/a>&nbsp;og&nbsp;<a href=\"https:\/\/da.wikipedia.org\/wiki\/S%C3%B8fart\">s\u00f8fart<\/a>&nbsp;en stor del af beboerne, men hovederhvervene p\u00e5 Ask\u00f8 er i dag&nbsp;<a href=\"https:\/\/da.wikipedia.org\/wiki\/Landbrug\">landbrug<\/a>&nbsp;og&nbsp;<a href=\"https:\/\/da.wikipedia.org\/w\/index.php?title=Frugtavl&amp;action=edit&amp;redlink=1\">frugtavl<\/a>.<\/p>\n\n\n\n<p style=\"font-size:15px\">Der findes&nbsp;<a href=\"https:\/\/da.wikipedia.org\/wiki\/Hare\">harer<\/a>&nbsp;<a href=\"https:\/\/da.wikipedia.org\/wiki\/R%C3%A6v\">r\u00e6ve<\/a>&nbsp;og&nbsp;<a href=\"https:\/\/da.wikipedia.org\/wiki\/Fasan\">fasaner<\/a>&nbsp;p\u00e5 Ask\u00f8. Mest mangfoldigt er nok fuglelivet, for \u00f8en er yngleomr\u00e5de for mange&nbsp;<a href=\"https:\/\/da.wikipedia.org\/wiki\/And\">\u00e6nder<\/a>,&nbsp;<a href=\"https:\/\/da.wikipedia.org\/wiki\/M%C3%A5ge\">m\u00e5ger<\/a>&nbsp;og&nbsp;<a href=\"https:\/\/da.wikipedia.org\/wiki\/Vadefugle\">vadefugle<\/a>. Ud over naturen er sev\u00e6rdighederne p\u00e5 \u00f8en&nbsp;<a href=\"https:\/\/da.wikipedia.org\/w\/index.php?title=Ask%C3%B8_Kirke&amp;action=edit&amp;redlink=1\">Ask\u00f8 Kirke<\/a>&nbsp;fra&nbsp;<a href=\"https:\/\/da.wikipedia.org\/wiki\/1200-tallet\">1200-tallet<\/a>&nbsp;og&nbsp;<a href=\"https:\/\/www.xn--ask-museum-2cb.dk\/\">Ask\u00f8 \u00d8-Museum<\/a>, som er et lokalhistorisk museum.<\/p>\n\n\n\n<p style=\"font-size:15px\">Ask\u00f8 er forbundet med nabo\u00f8en&nbsp;<a href=\"https:\/\/da.wikipedia.org\/wiki\/Lille%C3%B8_(Sm%C3%A5landsfarvandet)\">Lille\u00f8<\/a>&nbsp;med en ca. 700 m lang&nbsp;<a href=\"https:\/\/da.wikipedia.org\/wiki\/D%C3%A6mning\">d\u00e6mning<\/a>. I december 2014 fik Ask\u00f8 som den f\u00f8rste \u00f8 i Danmark&nbsp;<a href=\"https:\/\/da.wikipedia.org\/wiki\/Fibernet\">fibernet<\/a>, hvilket \u00f8ger&nbsp;<a href=\"https:\/\/da.wikipedia.org\/wiki\/Internet\">internetforbindelsen<\/a>&nbsp;betragteligt. <\/p>\n\n\n\n<p style=\"font-size:15px\">Der er flere overnatningsmuligheder bl.a.<\/p>\n\n\n\n<ul style=\"font-size:15px\" class=\"wp-block-list\">\n<li>Shelterplads\u00a0med 2 shelters, Askepot og Lillepot.<\/li>\n\n\n\n<li>V\u00e6relser p\u00e5 Ask\u00f8 Gl. Skole<\/li>\n\n\n\n<li>Ved havnen er der en teltplads, og der ligger et moderne havnehus med k\u00f8kken og opholdsomr\u00e5de. Herudover er der bade- og vaskefaciliteter<\/li>\n\n\n\n<li>Mange sk\u00f8nne sommerhuse kan lejes via bureau eller facebook.<\/li>\n<\/ul>\n\n\n\n<p style=\"font-size:15px\">Ask\u00f8 har en k\u00f8bmand drevet af frivillige fra \u00f8en og sommerhusbeboere.<\/p>\n\n\n\n<p style=\"font-size:15px\">Der er f\u00e6rgeforbindelse til Ask\u00f8 fra\u00a0Kragen\u00e6s p\u00e5 Lolland. Turen tager ca. 40 minutter.<\/p>\n","protected":false},"excerpt":{"rendered":"<p>Ask\u00f8 (2,8 km2) og Lille\u00f8 (0,8 km2) ligger i Sm\u00e5landshavet, nord for Lolland.&nbsp;Ask\u00f8-Lille\u00f8 er forbundet med en 750 m lang d\u00e6mning. Der er p.t. 44 fastboende (16\/11-2021). Om sommeren stiger &hellip; <a href=\"https:\/\/www.visitaskoe.dk\/?page_id=7\" class=\"more-link\">Continue reading <span class=\"screen-reader-text\">Om..<\/span><\/a><\/p>\n","protected":false},"author":2,"featured_media":0,"parent":0,"menu_order":0,"comment_status":"closed","ping_status":"closed","template":"templates\/full-width-page.php","meta":{"_lmt_disableupdate":"no","_lmt_disable":"","footnotes":""},"class_list":["post-7","page","type-page","status-publish","hentry"],"aioseo_notices":[],"jetpack_likes_enabled":true,"jetpack_sharing_enabled":true,"_links":{"self":[{"href":"https:\/\/www.visitaskoe.dk\/index.php?rest_route=\/wp\/v2\/pages\/7","targetHints":{"allow":["GET"]}}],"collection":[{"href":"https:\/\/www.visitaskoe.dk\/index.php?rest_route=\/wp\/v2\/pages"}],"about":[{"href":"https:\/\/www.visitaskoe.dk\/index.php?rest_route=\/wp\/v2\/types\/page"}],"author":[{"embeddable":true,"href":"https:\/\/www.visitaskoe.dk\/index.php?rest_route=\/wp\/v2\/users\/2"}],"replies":[{"embeddable":true,"href":"https:\/\/www.visitaskoe.dk\/index.php?rest_route=%2Fwp%2Fv2%2Fcomments&post=7"}],"version-history":[{"count":4,"href":"https:\/\/www.visitaskoe.dk\/index.php?rest_route=\/wp\/v2\/pages\/7\/revisions"}],"predecessor-version":[{"id":2000,"href":"https:\/\/www.visitaskoe.dk\/index.php?rest_route=\/wp\/v2\/pages\/7\/revisions\/2000"}],"wp:attachment":[{"href":"https:\/\/www.visitaskoe.dk\/index.php?rest_route=%2Fwp%2Fv2%2Fmedia&parent=7"}],"curies":[{"name":"wp","href":"https:\/\/api.w.org\/{rel}","templated":true}]}}