{"id":747,"date":"2021-11-05T16:28:39","date_gmt":"2021-11-05T16:28:39","guid":{"rendered":"http:\/\/www.visitaskoe.dk\/?page_id=747"},"modified":"2021-11-22T16:36:03","modified_gmt":"2021-11-22T16:36:03","slug":"cookie-politik","status":"publish","type":"page","link":"https:\/\/www.visitaskoe.dk\/?page_id=747","title":{"rendered":"Cookie politik"},"content":{"rendered":"\n<div class=\"wp-block-columns is-layout-flex wp-container-core-columns-is-layout-9d6595d7 wp-block-columns-is-layout-flex\">\n<div class=\"wp-block-column is-layout-flow wp-block-column-is-layout-flow\" style=\"flex-basis:33.33%\"><\/div>\n\n\n\n<div class=\"wp-block-column is-layout-flow wp-block-column-is-layout-flow\" style=\"flex-basis:66.66%\">\n<p><strong>Ved at bruge denne hjemmeside, accepterer du,&nbsp;brugen af&nbsp; cookies, jf. nedenst\u00e5ende oplysninger:<\/strong><\/p>\n\n\n\n<p style=\"font-size:15px\">Cookies er sm\u00e5 tekstfiler, der benyttes af mange st\u00f8rre og mindre hjemmesider og automatisk lagrer visse oplysninger p\u00e5 brugerens egen computer.<\/p>\n\n\n\n<p style=\"font-size:15px\">Vi benytter konkret cookies til at m\u00e5le trafikken p\u00e5 vores hjemmeside via bl.a. tjenesten Google Analytics. M\u00e5lingerne kan indeholde oplysninger om bl.a. antallet af bes\u00f8gende, sidernes popularitet, benyttede s\u00f8geord mv.<\/p>\n\n\n\n<p style=\"font-size:15px\">Vi kan desuden benytte os af s\u00e5kaldte Session ID cookies til at forbedre brugerens navigationsoplevelse, formularer mv. p\u00e5 hjemmesiden.<\/p>\n\n\n\n<p style=\"font-size:15px\">Oplysningerne i de anvendte cookies er ikke personhenf\u00f8rbare for os.<\/p>\n\n\n\n<p style=\"font-size:15px\">Du kan inaktivere cookies i din internet browser, hvis du ikke \u00f8nsker at tillade brugen af disse. Dette kan dog medf\u00f8re, at vores hjemmeside ikke fungerer optimalt for dig.<\/p>\n\n\n\n<p style=\"font-size:15px\">L\u00e6s mere:<\/p>\n\n\n\n<p style=\"font-size:15px\"><a rel=\"noreferrer noopener\" href=\"http:\/\/erhvervsstyrelsen.dk\/cookies\" target=\"_blank\">Erhversministeriets hjemmeside med cookiebekendtg\u00f8relsen&nbsp;<\/a>(\u00e5bner nyt vindue)<\/p>\n<\/div>\n<\/div>\n","protected":false},"excerpt":{"rendered":"<p>Ved at bruge denne hjemmeside, accepterer du,&nbsp;brugen af&nbsp; cookies, jf. nedenst\u00e5ende oplysninger: Cookies er sm\u00e5 tekstfiler, der benyttes af mange st\u00f8rre og mindre hjemmesider og automatisk lagrer visse oplysninger p\u00e5 &hellip; <a href=\"https:\/\/www.visitaskoe.dk\/?page_id=747\" class=\"more-link\">Continue reading <span class=\"screen-reader-text\">Cookie politik<\/span><\/a><\/p>\n","protected":false},"author":2,"featured_media":0,"parent":0,"menu_order":0,"comment_status":"closed","ping_status":"closed","template":"templates\/full-width-page.php","meta":{"_lmt_disableupdate":"no","_lmt_disable":"","footnotes":""},"class_list":["post-747","page","type-page","status-publish","hentry"],"aioseo_notices":[],"jetpack_likes_enabled":true,"jetpack_sharing_enabled":true,"_links":{"self":[{"href":"https:\/\/www.visitaskoe.dk\/index.php?rest_route=\/wp\/v2\/pages\/747","targetHints":{"allow":["GET"]}}],"collection":[{"href":"https:\/\/www.visitaskoe.dk\/index.php?rest_route=\/wp\/v2\/pages"}],"about":[{"href":"https:\/\/www.visitaskoe.dk\/index.php?rest_route=\/wp\/v2\/types\/page"}],"author":[{"embeddable":true,"href":"https:\/\/www.visitaskoe.dk\/index.php?rest_route=\/wp\/v2\/users\/2"}],"replies":[{"embeddable":true,"href":"https:\/\/www.visitaskoe.dk\/index.php?rest_route=%2Fwp%2Fv2%2Fcomments&post=747"}],"version-history":[{"count":1,"href":"https:\/\/www.visitaskoe.dk\/index.php?rest_route=\/wp\/v2\/pages\/747\/revisions"}],"predecessor-version":[{"id":1002,"href":"https:\/\/www.visitaskoe.dk\/index.php?rest_route=\/wp\/v2\/pages\/747\/revisions\/1002"}],"wp:attachment":[{"href":"https:\/\/www.visitaskoe.dk\/index.php?rest_route=%2Fwp%2Fv2%2Fmedia&parent=747"}],"curies":[{"name":"wp","href":"https:\/\/api.w.org\/{rel}","templated":true}]}}